{"id":2114,"date":"2022-05-24T22:58:25","date_gmt":"2022-05-24T20:58:25","guid":{"rendered":"https:\/\/www.stabiframe.com\/stabiliteitsingenieur\/"},"modified":"2024-11-05T11:13:51","modified_gmt":"2024-11-05T10:13:51","slug":"stabiliteitsingenieur","status":"publish","type":"page","link":"https:\/\/www.stabiframe.com\/nl\/werken-bij-stabiframe\/stabiliteitsingenieur\/","title":{"rendered":"Stabiliteitsingenieur"},"content":{"rendered":"<p>[et_pb_section fb_built=&#8221;1&#8243; _builder_version=&#8221;4.17.3&#8243; _module_preset=&#8221;default&#8221; background_enable_color=&#8221;off&#8221; background_image=&#8221;https:\/\/www.stabiframe.com\/wp-content\/uploads\/2022\/05\/Stabiframe_ingenieurs.jpg&#8221; custom_margin=&#8221;0%||0%||false|false&#8221; custom_padding=&#8221;0%||0%||false|false&#8221; global_colors_info=&#8221;{}&#8221;][et_pb_row _builder_version=&#8221;4.17.3&#8243; _module_preset=&#8221;default&#8221; background_color=&#8221;rgba(44,56,75,0.65)&#8221; width=&#8221;100%&#8221; max_width=&#8221;100%&#8221; custom_margin=&#8221;||||false|false&#8221; custom_padding=&#8221;5%||10%|5%|false|false&#8221; global_colors_info=&#8221;{}&#8221;][et_pb_column type=&#8221;4_4&#8243; _builder_version=&#8221;4.17.3&#8243; _module_preset=&#8221;default&#8221; background_enable_color=&#8221;off&#8221; custom_padding=&#8221;2%|2%|2%|2%|false|false&#8221; global_colors_info=&#8221;{}&#8221;][et_pb_text _builder_version=&#8221;4.17.3&#8243; _module_preset=&#8221;default&#8221; header_font=&#8221;|300|||||||&#8221; header_text_color=&#8221;#FFFFFF&#8221; header_font_size=&#8221;55px&#8221; header_line_height=&#8221;1.2em&#8221; global_colors_info=&#8221;{}&#8221;]<\/p>\n<h1>Kom bij het team als stabiliteitsingenieur<\/h1>\n<p>[\/et_pb_text][\/et_pb_column][\/et_pb_row][\/et_pb_section][et_pb_section fb_built=&#8221;1&#8243; _builder_version=&#8221;4.16&#8243; _module_preset=&#8221;default&#8221; custom_margin=&#8221;-3px|||||&#8221; custom_padding=&#8221;0px||0px|||&#8221; global_colors_info=&#8221;{}&#8221;][et_pb_row column_structure=&#8221;1_2,1_2&#8243; _builder_version=&#8221;4.17.3&#8243; _module_preset=&#8221;default&#8221; width=&#8221;90%&#8221; max_width=&#8221;100%&#8221; global_colors_info=&#8221;{}&#8221;][et_pb_column type=&#8221;1_2&#8243; _builder_version=&#8221;4.17.1&#8243; _module_preset=&#8221;default&#8221; global_colors_info=&#8221;{}&#8221;][et_pb_text _builder_version=&#8221;4.17.3&#8243; _module_preset=&#8221;default&#8221; text_font=&#8221;|300|||||||&#8221; header_2_font=&#8221;|300|||||||&#8221; header_2_text_align=&#8221;center&#8221; header_2_font_size=&#8221;32px&#8221; header_3_font=&#8221;|300|||||||&#8221; global_colors_info=&#8221;{}&#8221;]<\/p>\n<p><span>Jodoigne &#8211; Belgi\u00eb<\/span><\/p>\n<p>[\/et_pb_text][et_pb_text _builder_version=&#8221;4.17.3&#8243; _module_preset=&#8221;default&#8221; text_font=&#8221;|300|||||||&#8221; header_2_font=&#8221;|300|||||||&#8221; global_colors_info=&#8221;{}&#8221;]<\/p>\n<h2>Jouw rol als stabiliteitsingenieur<\/h2>\n<ul>\n<li style=\"list-style-type: none;\">\n<ul>\n<li style=\"list-style-type: none;\">\n<ul>\n<li>Je bent verantwoordelijk voor het uitvoeren van alle stabiliteitsstudies. Dit gaat van het opstellen van voorontwerpen tot berekeningsnota&#8217;s voor lichte staalframes. <\/li>\n<li>Je co\u00f6rdineert en doet aanbevelingen over technische aspecten met betrekking tot de stabiliteit van lopende en toekomstige projecten.<\/li>\n<li>Je bent betrokken bij het hele proces: op basis van plannen analyseer je de haalbaarheid van projecten en voer je berekeningen uit, zodat je een passende offerte kunt opstellen.<\/li>\n<li>Je staat in voor constructieberekeningen en stelt uitvoerings- en montageplannen op.<\/li>\n<li><span id=\"p382\">Je bent verantwoordelijk voor alle projectco\u00f6rdinatie, inclusief actieve samenwerking met de productieteams.<\/span><span id=\"p403\"><span> <\/span><\/span><\/li>\n<li><span id=\"p403\">Je bent betrokken bij het optimaliseren van constructie- en productiemethoden om de groei van het bedrijf te ondersteunen.<\/span><\/li>\n<\/ul>\n<\/li>\n<\/ul>\n<\/li>\n<\/ul>\n<p>[\/et_pb_text][\/et_pb_column][et_pb_column type=&#8221;1_2&#8243; disabled_on=&#8221;on|off|off&#8221; _builder_version=&#8221;4.17.3&#8243; _module_preset=&#8221;default&#8221; global_colors_info=&#8221;{}&#8221;][et_pb_text _builder_version=&#8221;4.17.3&#8243; _module_preset=&#8221;default&#8221; header_3_font=&#8221;|300|||||||&#8221; custom_margin=&#8221;10%||||false|false&#8221; global_colors_info=&#8221;{}&#8221;]<\/p>\n<h3 style=\"text-align: center;\"><span>Autonomie<\/span><\/h3>\n<h2 style=\"text-align: center;\">\u2605\u2605\u2605\u2605\u2606<\/h2>\n<p>[\/et_pb_text][et_pb_text _builder_version=&#8221;4.17.3&#8243; _module_preset=&#8221;default&#8221; header_3_font=&#8221;|300|||||||&#8221; global_colors_info=&#8221;{}&#8221;]<\/p>\n<h3 style=\"text-align: center;\">Computerkennis<\/h3>\n<h2 style=\"text-align: center;\">\u2605\u2605\u2605\u2605\u2605<\/h2>\n<p>[\/et_pb_text][et_pb_text _builder_version=&#8221;4.17.3&#8243; _module_preset=&#8221;default&#8221; header_3_font=&#8221;|300|||||||&#8221; global_colors_info=&#8221;{}&#8221;]<\/p>\n<h3 style=\"text-align: center;\">Een analytische geest<\/h3>\n<h2 style=\"text-align: center;\">\u2605\u2605\u2605\u2605\u2605<\/h2>\n<p>[\/et_pb_text][et_pb_text _builder_version=&#8221;4.17.3&#8243; _module_preset=&#8221;default&#8221; header_font=&#8221;|300|||||||&#8221; global_colors_info=&#8221;{}&#8221;]<\/p>\n<h3 style=\"text-align: center;\"><span>Nieuwsgierig<\/span><\/h3>\n<h2 style=\"text-align: center;\">\u2605\u2605\u2605\u2605\u2606<\/h2>\n<p>[\/et_pb_text][\/et_pb_column][\/et_pb_row][et_pb_row column_structure=&#8221;1_2,1_2&#8243; _builder_version=&#8221;4.17.3&#8243; _module_preset=&#8221;default&#8221; width=&#8221;90%&#8221; max_width=&#8221;100%&#8221; global_colors_info=&#8221;{}&#8221;][et_pb_column type=&#8221;1_2&#8243; _builder_version=&#8221;4.17.1&#8243; _module_preset=&#8221;default&#8221; global_colors_info=&#8221;{}&#8221;][et_pb_text _builder_version=&#8221;4.17.3&#8243; _module_preset=&#8221;default&#8221; text_font=&#8221;|300|||||||&#8221; header_2_font=&#8221;|300|||||||&#8221; header_2_text_align=&#8221;center&#8221; header_2_font_size=&#8221;32px&#8221; header_3_font=&#8221;|300|||||||&#8221; global_colors_info=&#8221;{}&#8221;]<\/p>\n<h2 style=\"text-align: left;\">Ben je ge\u00efnteresseerd in deze uitdaging?<\/h2>\n<ul>\n<li style=\"list-style-type: none;\">\n<ul>\n<li style=\"list-style-type: none;\">\n<ul>\n<li><span id=\"p405\">Je hebt een masterdiploma in industri\u00eble of civiele techniek, of een masterdiploma in engineering en architectuur.<\/span><br \/><span id=\"p406\">Je hebt minstens 2 jaar ervaring als stabiliteitsingenieur.<\/span><br \/><span id=\"p407\">Je bent ge\u00efnteresseerd in metaalskeletbouw.<\/span><br \/><span id=\"p408\">Je hebt een goede kennis van AUTOCAD.<\/span><br \/><span id=\"p393\">Je bent zelfstandig en analytisch.<\/span><br \/><span id=\"p394\">Je bent nauwkeurig en nauwgezet.<\/span><br \/><span id=\"p395\">Je hebt een zeer goede kennis van het Nederlands, Frans en Engels.<\/span><\/li>\n<\/ul>\n<\/li>\n<\/ul>\n<\/li>\n<\/ul>\n<p>[\/et_pb_text][\/et_pb_column][et_pb_column type=&#8221;1_2&#8243; _builder_version=&#8221;4.17.1&#8243; _module_preset=&#8221;default&#8221; global_colors_info=&#8221;{}&#8221;][et_pb_text _builder_version=&#8221;4.17.3&#8243; _module_preset=&#8221;default&#8221; header_2_font=&#8221;|300|||||||&#8221; global_colors_info=&#8221;{}&#8221;]<\/p>\n<h2 style=\"text-align: left;\">Solliciteer nu!<\/h2>\n<div class=\"frm_forms  with_frm_style frm_style_style-formidable\" id=\"frm_form_3_container\" data-token=\"43b3d360d849daf242fd4a367b2e41b2\">\n<form enctype=\"multipart\/form-data\" method=\"post\" class=\"frm-show-form  frm_pro_form \" id=\"form_postuler\" data-token=\"43b3d360d849daf242fd4a367b2e41b2\">\n<div class=\"frm_form_fields \">\n<fieldset>\n<legend class=\"frm_screen_reader\">Postuler<\/legend>\r\n\r\n<div class=\"frm_fields_container\">\n<input type=\"hidden\" name=\"frm_action\" value=\"create\" \/>\n<input type=\"hidden\" name=\"form_id\" value=\"3\" \/>\n<input type=\"hidden\" name=\"frm_hide_fields_3\" id=\"frm_hide_fields_3\" value=\"\" \/>\n<input type=\"hidden\" name=\"form_key\" value=\"postuler\" \/>\n<input type=\"hidden\" name=\"item_meta[0]\" value=\"\" \/>\n<input type=\"hidden\" id=\"frm_submit_entry_3\" name=\"frm_submit_entry_3\" value=\"7042f269a1\" \/><input type=\"hidden\" name=\"_wp_http_referer\" value=\"\/nl\/wp-json\/wp\/v2\/pages\/2114\" \/><div id=\"frm_field_20_container\" class=\"frm_form_field form-field  frm_inside_container frm6 frm_first\">\r\n    <label for=\"field_2rjrw\" id=\"field_2rjrw_label\" class=\"frm_primary_label\">Pr\u00e9nom\r\n        <span class=\"frm_required\" aria-hidden=\"true\"><\/span>\r\n    <\/label>\r\n    <input  type=\"text\" id=\"field_2rjrw\" name=\"item_meta[20]\" value=\"\"  data-invmsg=\"texte est non valide\" aria-invalid=\"false\"   \/>\r\n    \r\n    \r\n<\/div>\n<div id=\"frm_field_21_container\" class=\"frm_form_field form-field  frm_inside_container frm6\">\r\n    <label for=\"field_oetgt\" id=\"field_oetgt_label\" class=\"frm_primary_label\">Nom\r\n        <span class=\"frm_required\" aria-hidden=\"true\"><\/span>\r\n    <\/label>\r\n    <input  type=\"text\" id=\"field_oetgt\" name=\"item_meta[21]\" value=\"\"  data-invmsg=\"texte est non valide\" aria-invalid=\"false\"   \/>\r\n    \r\n    \r\n<\/div>\n<div id=\"frm_field_25_container\" class=\"frm_form_field form-field  frm_inside_container frm6 frm_first\">\r\n    <label for=\"field_n6osc\" id=\"field_n6osc_label\" class=\"frm_primary_label\">T\u00e9l\u00e9phone\r\n        <span class=\"frm_required\" aria-hidden=\"true\"><\/span>\r\n    <\/label>\r\n    <input type=\"tel\" id=\"field_n6osc\" name=\"item_meta[25]\" value=\"\"  data-invmsg=\"T\u00e9l\u00e9phone est non valide\" aria-invalid=\"false\" pattern=\"((\\+\\d{1,3}(-|.| )?\\(?\\d\\)?(-| |.)?\\d{1,5})|(\\(?\\d{2,6}\\)?))(-|.| )?(\\d{3,4})(-|.| )?(\\d{4})(( x| ext)\\d{1,5}){0,1}$\"  \/>\r\n    \r\n    \r\n<\/div>\n<div id=\"frm_field_24_container\" class=\"frm_form_field form-field  frm_inside_container frm6\">\r\n    <label for=\"field_63cgn\" id=\"field_63cgn_label\" class=\"frm_primary_label\">Email\r\n        <span class=\"frm_required\" aria-hidden=\"true\"><\/span>\r\n    <\/label>\r\n    <input type=\"email\" id=\"field_63cgn\" name=\"item_meta[24]\" value=\"\"  data-invmsg=\"Email est non valide\" aria-invalid=\"false\"  \/>\r\n    \r\n    \r\n<\/div>\n<div id=\"frm_field_26_container\" class=\"frm_form_field form-field  frm_inside_container\">\r\n    <label for=\"field_klwzz\" id=\"field_klwzz_label\" class=\"frm_primary_label\">Dites nous en plus sur vous !\r\n        <span class=\"frm_required\" aria-hidden=\"true\"><\/span>\r\n    <\/label>\r\n    <textarea name=\"item_meta[26]\" id=\"field_klwzz\" rows=\"5\"  data-invmsg=\"Dites nous en plus sur vous ! is ongeldig\" aria-invalid=\"false\"  ><\/textarea>\r\n    \r\n    \r\n<\/div>\n<div id=\"frm_field_27_container\" class=\"frm_form_field form-field  frm_required_field frm_top_container\">\r\n    <label for=\"field_u66s9\" id=\"field_u66s9_label\" class=\"frm_primary_label\">D\u00e9poser votre CV\r\n        <span class=\"frm_required\" aria-hidden=\"true\">*<\/span>\r\n    <\/label>\r\n    <input type=\"hidden\"  data-reqmsg=\"D\u00e9poser votre CV ne peut pas \u00eatre vide.\" data-invmsg=\"T\u00e9l\u00e9versement de fichier est non valide\" class=\"auto_width\" aria-invalid=\"false\"   name=\"item_meta[27][]\"  data-reqmsg=\"D\u00e9poser votre CV ne peut pas \u00eatre vide.\"  value=\"\" data-frmfile=\"27\" \/>\n\n<div class=\"frm_dropzone frm_multi_upload frm_clearfix\" id=\"file27_dropzone\" role=\"group\" >\n\t<div class=\"fallback\">\n\t\t<input type=\"file\" name=\"file27[]\" id=\"field_u66s9\"\n\t\t\t data-frmfile=\"27\" multiple=\"multiple\"  data-reqmsg=\"D\u00e9poser votre CV ne peut pas \u00eatre vide.\" data-invmsg=\"T\u00e9l\u00e9versement de fichier est non valide\" class=\"auto_width\" aria-invalid=\"false\"  \t\t\t\/>\n\t\t\t\t<div class=\"frm_clearfix \"><\/div>\n\t<\/div>\n\t<div class=\"dz-message needsclick\">\n\t\t\t\t<svg  viewBox=\"0 0 18 18\" class=\"frmsvg frm-svg-icon\">\n\t<path viewBox=\"0 0 18 18\" fill-rule=\"evenodd\" clip-rule=\"evenodd\" d=\"M8.2 4v8a.8.8 0 001.5 0V4l2.1 2.2A.7.7 0 1013 5L9.5 1.7a.7.7 0 00-1.1 0L5.1 5.2a.8.8 0 001 1l2.1-2zm7.6 4.3c.4 0 .7.3.7.7v6.8c0 .4-.3.7-.8.7H2.3a.8.8 0 01-.8-.8V9A.8.8 0 013 9v6h12V9c0-.4.3-.8.8-.8z\"><\/path>\n<\/svg>\t\t<span class=\"frm_upload_text\"><button type=\"button\" aria-label=\"D\u00e9poser votre CV. D\u00e9poser un fichier ici ou cliquer pour t\u00e9l\u00e9charger. Maximum file size: 25MB\">D\u00e9poser un fichier ici ou cliquer pour t\u00e9l\u00e9charger<\/button><\/span>\n\t\t<span class=\"frm_compact_text\"><button type=\"button\" aria-label=\"D\u00e9poser votre CV. Choisir un fichier. Maximum file size: 25MB\">Choisir un fichier<\/button><\/span>\n\t\t<div class=\"frm_small_text\">\n\t\t\t<p>Maximum file size: 25MB<\/p>\n\t\t<\/div>\n\t<\/div>\n<\/div>\n\t\r\n    \r\n    \r\n<\/div>\n\t<input type=\"hidden\" name=\"item_key\" value=\"\" \/>\n\t\t\t\t<div class=\"frm__654b7d4429aa6\">\n\t\t\t\t<label for=\"frm_email_3\" >\n\t\t\t\t\tIndien je een mens bent, laat dit veld leeg:.\t\t\t\t<\/label>\n\t\t\t\t<input  id=\"frm_email_3\" type=\"email\" class=\"frm_verify\" name=\"frm__654b7d4429aa6\" value=\"\"  \/>\n\t\t\t<\/div>\n\t\t<input name=\"frm_state\" type=\"hidden\" value=\"DjtWzu2F04MZkQCNy87BLZA99+h\/oG\/KR\/9QJEWWH+Nhgs0zsQJ+2DidnxrvHXT3\" \/><div class=\"frm_submit\">\r\n\r\n<button class=\"frm_button_submit frm_final_submit\" type=\"submit\"   formnovalidate=\"formnovalidate\">Envoyer<\/button>\r\n\r\n<\/div><\/div>\n<\/fieldset>\n<\/div>\n\n<\/form>\n<\/div>\n\n<p>[\/et_pb_text][\/et_pb_column][\/et_pb_row][\/et_pb_section][et_pb_section fb_built=&#8221;1&#8243; _builder_version=&#8221;4.16&#8243; _module_preset=&#8221;default&#8221; custom_margin=&#8221;-3px|||||&#8221; custom_padding=&#8221;0px||0px|||&#8221; global_colors_info=&#8221;{}&#8221;][\/et_pb_section]<\/p>\n","protected":false},"excerpt":{"rendered":"<p>Kom bij het team als stabiliteitsingenieurJodoigne &#8211; Belgi\u00ebJouw rol als stabiliteitsingenieur Je bent verantwoordelijk voor het uitvoeren van alle stabiliteitsstudies. Dit gaat van het opstellen van voorontwerpen tot berekeningsnota&#8217;s voor lichte staalframes. Je co\u00f6rdineert en doet aanbevelingen over technische aspecten met betrekking tot de stabiliteit van lopende en toekomstige projecten. Je bent betrokken bij het [&hellip;]<\/p>\n","protected":false},"author":1,"featured_media":0,"parent":2281,"menu_order":0,"comment_status":"closed","ping_status":"closed","template":"","meta":{"_et_pb_use_builder":"on","_et_pb_old_content":"","_et_gb_content_width":"","footnotes":""},"class_list":["post-2114","page","type-page","status-publish","hentry"],"acf":[],"yoast_head":"<!-- This site is optimized with the Yoast SEO plugin v25.4 - https:\/\/yoast.com\/wordpress\/plugins\/seo\/ -->\n<title>Stabiliteitsingenieur - Stabiframe<\/title>\n<meta name=\"robots\" content=\"index, follow, max-snippet:-1, max-image-preview:large, max-video-preview:-1\" \/>\n<link rel=\"canonical\" href=\"https:\/\/www.stabiframe.com\/nl\/werken-bij-stabiframe\/stabiliteitsingenieur\/\" \/>\n<meta property=\"og:locale\" content=\"nl_NL\" \/>\n<meta property=\"og:type\" content=\"article\" \/>\n<meta property=\"og:title\" content=\"Stabiliteitsingenieur - Stabiframe\" \/>\n<meta property=\"og:description\" content=\"Kom bij het team als stabiliteitsingenieurJodoigne - Belgi\u00ebJouw rol als stabiliteitsingenieur Je bent verantwoordelijk voor het uitvoeren van alle stabiliteitsstudies. Dit gaat van het opstellen van voorontwerpen tot berekeningsnota&#039;s voor lichte staalframes. Je co\u00f6rdineert en doet aanbevelingen over technische aspecten met betrekking tot de stabiliteit van lopende en toekomstige projecten. Je bent betrokken bij het [&hellip;]\" \/>\n<meta property=\"og:url\" content=\"https:\/\/www.stabiframe.com\/nl\/werken-bij-stabiframe\/stabiliteitsingenieur\/\" \/>\n<meta property=\"og:site_name\" content=\"Stabiframe\" \/>\n<meta property=\"article:modified_time\" content=\"2024-11-05T10:13:51+00:00\" \/>\n<meta name=\"twitter:card\" content=\"summary_large_image\" \/>\n<meta name=\"twitter:label1\" content=\"Geschatte leestijd\" \/>\n\t<meta name=\"twitter:data1\" content=\"3 minuten\" \/>\n<script type=\"application\/ld+json\" class=\"yoast-schema-graph\">{\"@context\":\"https:\/\/schema.org\",\"@graph\":[{\"@type\":\"WebPage\",\"@id\":\"https:\/\/www.stabiframe.com\/nl\/werken-bij-stabiframe\/stabiliteitsingenieur\/\",\"url\":\"https:\/\/www.stabiframe.com\/nl\/werken-bij-stabiframe\/stabiliteitsingenieur\/\",\"name\":\"Stabiliteitsingenieur - Stabiframe\",\"isPartOf\":{\"@id\":\"https:\/\/www.stabiframe.com\/fr\/#website\"},\"datePublished\":\"2022-05-24T20:58:25+00:00\",\"dateModified\":\"2024-11-05T10:13:51+00:00\",\"breadcrumb\":{\"@id\":\"https:\/\/www.stabiframe.com\/nl\/werken-bij-stabiframe\/stabiliteitsingenieur\/#breadcrumb\"},\"inLanguage\":\"nl-NL\",\"potentialAction\":[{\"@type\":\"ReadAction\",\"target\":[\"https:\/\/www.stabiframe.com\/nl\/werken-bij-stabiframe\/stabiliteitsingenieur\/\"]}]},{\"@type\":\"BreadcrumbList\",\"@id\":\"https:\/\/www.stabiframe.com\/nl\/werken-bij-stabiframe\/stabiliteitsingenieur\/#breadcrumb\",\"itemListElement\":[{\"@type\":\"ListItem\",\"position\":1,\"name\":\"Accueil\",\"item\":\"https:\/\/www.stabiframe.com\/nl\/\"},{\"@type\":\"ListItem\",\"position\":2,\"name\":\"Werken bij Stabiframe\",\"item\":\"https:\/\/www.stabiframe.com\/nl\/werken-bij-stabiframe\/\"},{\"@type\":\"ListItem\",\"position\":3,\"name\":\"Stabiliteitsingenieur\"}]},{\"@type\":\"WebSite\",\"@id\":\"https:\/\/www.stabiframe.com\/fr\/#website\",\"url\":\"https:\/\/www.stabiframe.com\/fr\/\",\"name\":\"Stabiframe\",\"description\":\"Light Strong Steel Constructions\",\"potentialAction\":[{\"@type\":\"SearchAction\",\"target\":{\"@type\":\"EntryPoint\",\"urlTemplate\":\"https:\/\/www.stabiframe.com\/fr\/?s={search_term_string}\"},\"query-input\":{\"@type\":\"PropertyValueSpecification\",\"valueRequired\":true,\"valueName\":\"search_term_string\"}}],\"inLanguage\":\"nl-NL\"}]}<\/script>\n<!-- \/ Yoast SEO plugin. -->","yoast_head_json":{"title":"Stabiliteitsingenieur - Stabiframe","robots":{"index":"index","follow":"follow","max-snippet":"max-snippet:-1","max-image-preview":"max-image-preview:large","max-video-preview":"max-video-preview:-1"},"canonical":"https:\/\/www.stabiframe.com\/nl\/werken-bij-stabiframe\/stabiliteitsingenieur\/","og_locale":"nl_NL","og_type":"article","og_title":"Stabiliteitsingenieur - Stabiframe","og_description":"Kom bij het team als stabiliteitsingenieurJodoigne - Belgi\u00ebJouw rol als stabiliteitsingenieur Je bent verantwoordelijk voor het uitvoeren van alle stabiliteitsstudies. Dit gaat van het opstellen van voorontwerpen tot berekeningsnota's voor lichte staalframes. Je co\u00f6rdineert en doet aanbevelingen over technische aspecten met betrekking tot de stabiliteit van lopende en toekomstige projecten. Je bent betrokken bij het [&hellip;]","og_url":"https:\/\/www.stabiframe.com\/nl\/werken-bij-stabiframe\/stabiliteitsingenieur\/","og_site_name":"Stabiframe","article_modified_time":"2024-11-05T10:13:51+00:00","twitter_card":"summary_large_image","twitter_misc":{"Geschatte leestijd":"3 minuten"},"schema":{"@context":"https:\/\/schema.org","@graph":[{"@type":"WebPage","@id":"https:\/\/www.stabiframe.com\/nl\/werken-bij-stabiframe\/stabiliteitsingenieur\/","url":"https:\/\/www.stabiframe.com\/nl\/werken-bij-stabiframe\/stabiliteitsingenieur\/","name":"Stabiliteitsingenieur - Stabiframe","isPartOf":{"@id":"https:\/\/www.stabiframe.com\/fr\/#website"},"datePublished":"2022-05-24T20:58:25+00:00","dateModified":"2024-11-05T10:13:51+00:00","breadcrumb":{"@id":"https:\/\/www.stabiframe.com\/nl\/werken-bij-stabiframe\/stabiliteitsingenieur\/#breadcrumb"},"inLanguage":"nl-NL","potentialAction":[{"@type":"ReadAction","target":["https:\/\/www.stabiframe.com\/nl\/werken-bij-stabiframe\/stabiliteitsingenieur\/"]}]},{"@type":"BreadcrumbList","@id":"https:\/\/www.stabiframe.com\/nl\/werken-bij-stabiframe\/stabiliteitsingenieur\/#breadcrumb","itemListElement":[{"@type":"ListItem","position":1,"name":"Accueil","item":"https:\/\/www.stabiframe.com\/nl\/"},{"@type":"ListItem","position":2,"name":"Werken bij Stabiframe","item":"https:\/\/www.stabiframe.com\/nl\/werken-bij-stabiframe\/"},{"@type":"ListItem","position":3,"name":"Stabiliteitsingenieur"}]},{"@type":"WebSite","@id":"https:\/\/www.stabiframe.com\/fr\/#website","url":"https:\/\/www.stabiframe.com\/fr\/","name":"Stabiframe","description":"Light Strong Steel Constructions","potentialAction":[{"@type":"SearchAction","target":{"@type":"EntryPoint","urlTemplate":"https:\/\/www.stabiframe.com\/fr\/?s={search_term_string}"},"query-input":{"@type":"PropertyValueSpecification","valueRequired":true,"valueName":"search_term_string"}}],"inLanguage":"nl-NL"}]}},"_links":{"self":[{"href":"https:\/\/www.stabiframe.com\/nl\/wp-json\/wp\/v2\/pages\/2114","targetHints":{"allow":["GET"]}}],"collection":[{"href":"https:\/\/www.stabiframe.com\/nl\/wp-json\/wp\/v2\/pages"}],"about":[{"href":"https:\/\/www.stabiframe.com\/nl\/wp-json\/wp\/v2\/types\/page"}],"author":[{"embeddable":true,"href":"https:\/\/www.stabiframe.com\/nl\/wp-json\/wp\/v2\/users\/1"}],"replies":[{"embeddable":true,"href":"https:\/\/www.stabiframe.com\/nl\/wp-json\/wp\/v2\/comments?post=2114"}],"version-history":[{"count":8,"href":"https:\/\/www.stabiframe.com\/nl\/wp-json\/wp\/v2\/pages\/2114\/revisions"}],"predecessor-version":[{"id":2160,"href":"https:\/\/www.stabiframe.com\/nl\/wp-json\/wp\/v2\/pages\/2114\/revisions\/2160"}],"up":[{"embeddable":true,"href":"https:\/\/www.stabiframe.com\/nl\/wp-json\/wp\/v2\/pages\/2281"}],"wp:attachment":[{"href":"https:\/\/www.stabiframe.com\/nl\/wp-json\/wp\/v2\/media?parent=2114"}],"curies":[{"name":"wp","href":"https:\/\/api.w.org\/{rel}","templated":true}]}}