{"id":214,"date":"2022-04-20T17:19:44","date_gmt":"2022-04-20T15:19:44","guid":{"rendered":"http:\/\/www.stabiframe.com\/?page_id=214"},"modified":"2022-05-24T23:23:09","modified_gmt":"2022-05-24T21:23:09","slug":"confidentialite-et-cookies","status":"publish","type":"page","link":"https:\/\/www.stabiframe.com\/fr\/confidentialite-et-cookies\/","title":{"rendered":"Confidentialit\u00e9 et cookies"},"content":{"rendered":"<p>[et_pb_section fb_built=\u00a0\u00bb1&Prime; _builder_version=\u00a0\u00bb4.17.3&Prime; _module_preset=\u00a0\u00bbdefault\u00a0\u00bb custom_padding=\u00a0\u00bb0%||0%||false|false\u00a0\u00bb hover_enabled=\u00a0\u00bb0&Prime; global_colors_info=\u00a0\u00bb{}\u00a0\u00bb background_enable_color=\u00a0\u00bboff\u00a0\u00bb title_text=\u00a0\u00bbstabiframe-cookies-header\u00a0\u00bb background_image=\u00a0\u00bbhttps:\/\/www.stabiframe.com\/wp-content\/uploads\/2022\/05\/stabiframe-cookies-header.jpg\u00a0\u00bb sticky_enabled=\u00a0\u00bb0&Prime; custom_margin=\u00a0\u00bb0%||0%||false|false\u00a0\u00bb][et_pb_row _builder_version=\u00a0\u00bb4.17.3&Prime; _module_preset=\u00a0\u00bbdefault\u00a0\u00bb width=\u00a0\u00bb100%\u00a0\u00bb max_width=\u00a0\u00bb100%\u00a0\u00bb custom_margin=\u00a0\u00bb||||false|false\u00a0\u00bb custom_padding=\u00a0\u00bb5%||10%|5%|false|false\u00a0\u00bb global_colors_info=\u00a0\u00bb{}\u00a0\u00bb background_color=\u00a0\u00bbrgba(44,56,75,0.65)\u00a0\u00bb hover_enabled=\u00a0\u00bb0&Prime; sticky_enabled=\u00a0\u00bb0&Prime;][et_pb_column type=\u00a0\u00bb4_4&Prime; _builder_version=\u00a0\u00bb4.17.3&Prime; _module_preset=\u00a0\u00bbdefault\u00a0\u00bb custom_padding=\u00a0\u00bb2%|2%|2%|2%|false|false\u00a0\u00bb hover_enabled=\u00a0\u00bb0&Prime; global_colors_info=\u00a0\u00bb{}\u00a0\u00bb background_enable_color=\u00a0\u00bboff\u00a0\u00bb sticky_enabled=\u00a0\u00bb0&Prime;][et_pb_text _builder_version=\u00a0\u00bb4.17.3&Prime; _module_preset=\u00a0\u00bbdefault\u00a0\u00bb header_font=\u00a0\u00bb|300|||||||\u00a0\u00bb header_text_color=\u00a0\u00bb#FFFFFF\u00a0\u00bb header_font_size=\u00a0\u00bb55px\u00a0\u00bb header_line_height=\u00a0\u00bb1.2em\u00a0\u00bb hover_enabled=\u00a0\u00bb0&Prime; global_colors_info=\u00a0\u00bb{}\u00a0\u00bb sticky_enabled=\u00a0\u00bb0&Prime;]<\/p>\n<h1>Politique de confidentialit\u00e9 et cookies<\/h1>\n<p>[\/et_pb_text][et_pb_text _builder_version=\u00a0\u00bb4.17.1&Prime; _module_preset=\u00a0\u00bbdefault\u00a0\u00bb text_font=\u00a0\u00bb|300|||||||\u00a0\u00bb text_text_color=\u00a0\u00bb#FFFFFF\u00a0\u00bb header_2_font=\u00a0\u00bb|300|||||||\u00a0\u00bb header_2_text_color=\u00a0\u00bb#FFFFFF\u00a0\u00bb custom_padding=\u00a0\u00bb||0px|||\u00a0\u00bb global_colors_info=\u00a0\u00bb{}\u00a0\u00bb]<\/p>\n<h2><span>info@stabiframe.com<\/span><\/h2>\n<p>[\/et_pb_text][\/et_pb_column][\/et_pb_row][\/et_pb_section][et_pb_section fb_built=\u00a0\u00bb1&Prime; _builder_version=\u00a0\u00bb4.16&Prime; _module_preset=\u00a0\u00bbdefault\u00a0\u00bb custom_margin=\u00a0\u00bb-3px|||||\u00a0\u00bb custom_padding=\u00a0\u00bb0px||0px|||\u00a0\u00bb global_colors_info=\u00a0\u00bb{}\u00a0\u00bb][et_pb_row use_custom_gutter=\u00a0\u00bbon\u00a0\u00bb gutter_width=\u00a0\u00bb2&Prime; _builder_version=\u00a0\u00bb4.17.3&Prime; _module_preset=\u00a0\u00bbdefault\u00a0\u00bb width=\u00a0\u00bb90%\u00a0\u00bb max_width=\u00a0\u00bb100%\u00a0\u00bb hover_enabled=\u00a0\u00bb0&Prime; global_colors_info=\u00a0\u00bb{}\u00a0\u00bb sticky_enabled=\u00a0\u00bb0&Prime;][et_pb_column type=\u00a0\u00bb4_4&Prime; _builder_version=\u00a0\u00bb4.16&Prime; _module_preset=\u00a0\u00bbdefault\u00a0\u00bb global_colors_info=\u00a0\u00bb{}\u00a0\u00bb][et_pb_text _builder_version=\u00a0\u00bb4.17.3&Prime; _module_preset=\u00a0\u00bbdefault\u00a0\u00bb text_font=\u00a0\u00bb|300|||||||\u00a0\u00bb hover_enabled=\u00a0\u00bb0&Prime; global_colors_info=\u00a0\u00bb{}\u00a0\u00bb header_font=\u00a0\u00bb|300|||||||\u00a0\u00bb header_2_font=\u00a0\u00bb|300|||||||\u00a0\u00bb sticky_enabled=\u00a0\u00bb0&Prime;]<\/p>\n<h1>Politique de confidentialit\u00e9 et cookies<\/h1>\n<h2>R\u00e8gles de confidentialit\u00e9<\/h2>\n<p>Vos donn\u00e9es sont collect\u00e9es uniquement dans le but de vous proposer nos services dans les meilleures conditions. Notre soci\u00e9t\u00e9 s\u2019engage \u00e0 respecter la confidentialit\u00e9 de vos donn\u00e9es. Vous trouverez ci-dessous le d\u00e9tail de la mani\u00e8re dont vos informations personnelles seront utilis\u00e9es comme votre nom, votre adresse, votre mail, \u2026.<\/p>\n<p>Ces r\u00e8gles concernent exclusivement la collecte de donn\u00e9es sur notre site via les formulaires de contact.<\/p>\n<p>L\u2019utilisation du site et le fait de remplir des formulaires implique votre accord sur la collecte de vos informations personnelles qui seront utilis\u00e9es comme suit :<\/p>\n<h3>Quelles informations sont collect\u00e9es ?<\/h3>\n<p>Nous collectons les coordonn\u00e9es g\u00e9n\u00e9rales de l\u2019internaute, \u00e0 savoir (selon les champs disponibles) son nom, pr\u00e9nom, adresse compl\u00e8te, t\u00e9l\u00e9phone, adresse e-mail ainsi que des informations propres aux services pour lesquels votre demande sera faite.<\/p>\n<h3>Que faisons-nous avec vos informations ?<\/h3>\n<p>L\u2019objectif en r\u00e9coltant vos donn\u00e9es est de r\u00e9pondre \u00e0 vos demandes d\u2019informations en relations avec les services et produits contenu sur notre site internet. (demandes de catalogue, information sur les prix, demande de devis ou d\u2019information g\u00e9n\u00e9rale).<\/p>\n<p>Communication client : Gr\u00e2ce \u00e0 vos donn\u00e9es, nous pourrions prendre contact avec vous car nous consid\u00e9rons cet \u00e9change comme partie int\u00e9grante de notre service. Nous pourrions utiliser votre adresse e-mail et\/ou postale pour vous informer de nos nouveaut\u00e9s, de promotions, et offres de tiers qui serait susceptibles de vous int\u00e9resser.<br \/>Il vous sera toujours et \u00e0 tout moment possible de vous d\u00e9sabonner en cliquant sur le lien \u00ab Se d\u00e9sabonner \u00bb figurant en bas de page de chaque e-mail.<\/p>\n<h3>Partage de vos informations.<\/h3>\n<p>Vos donn\u00e9es collect\u00e9es ne seront jamais transmises \u00e0 des entreprises tierces.<\/p>\n<h3>Suppression de vos informations personnelles<\/h3>\n<p>En cas de stockage de vos informations dans une base de donn\u00e9es et utilis\u00e9es pour l\u2019envoi de newsletters (voir paragraphe ci-dessus : communication client), il vous sera toujours possible de vous d\u00e9sinscrire en cliquant sur le lien pr\u00e9vu \u00e0 cet effet en bas de chaque e-mail.<\/p>\n<h2>Conditions d\u2019utilisation des cookies<\/h2>\n<h3>Les cookies, qu\u2019est-ce que c\u2019est ?<\/h3>\n<p>Le site utilise des cookies, une pratique courante sur de nombreux sites Internet. Les cookies sont de petites quantit\u00e9s d\u2019informations stock\u00e9es dans des fichiers textes qui sont enregistr\u00e9s sur votre ordinateur lorsque vous visitez le site. Les informations stock\u00e9es dans ces fichiers seront renvoy\u00e9es \u00e0 notre serveur lors de votre prochaine visite.<\/p>\n<h3>\u00c0 quoi servent les cookies ?<\/h3>\n<p>Les cookies ont deux fonctions : faciliter la navigation sur un site Internet, et collecter des informations, comme par exemple m\u00e9moriser le contenu de votre panier, ou le mot de passe de votre compte utilisateur. C\u2019est gr\u00e2ce \u00e0 cela que, lors de votre prochaine visite sur notre site, vous retrouverez les produits que vous aviez plac\u00e9s dans votre panier, et vous n\u2019aurez pas besoin de renseigner votre mot de passe pour vous connecter.<\/p>\n<h3>Les cookies enregistrent-ils des informations personnelles ?<\/h3>\n<p>Les cookies ne m\u00e9morisent aucune information personnelle, et aucune information qui permettrait de vous identifier en tant que personne. D\u2019autre part, les cookies ne peuvent pas endommager (les fichiers de) votre ordinateur.<\/p>\n<p>Nous utilisons les types de cookies suivants :<\/p>\n<p>Cookies fonctionnels: Les cookies fonctionnels servent \u00e0 faciliter votre navigation sur notre site Internet. Nous utilisons des cookies fonctionnels pour vous permettre d\u2019ajouter des produits \u00e0 votre panier, et de les retrouver dans votre panier lorsque vous revenez sur notre site Internet. Nous utilisons \u00e9galement des cookies qui, lorsque nous utilisons la fonction de dialogue en ligne, nous permettent de suivre les transactions que vous r\u00e9alisez \u00e0 l\u2019\u00e9cran, et nous donnent ainsi les moyens de vous guider pas \u00e0 pas, le cas \u00e9ch\u00e9ant. Un cookie permet de contr\u00f4ler si l\u2019utilisateur a choisi de fermer cette pop-up explicative, afin qu\u2019elle ne revienne pas s\u2019afficher \u00e0 l\u2019\u00e9cran \u00e0 chaque fois. C\u2019est aussi un cookie qui est utilis\u00e9 pour ne plus afficher la barre d\u2019informations concernant l\u2019utilisation des cookies une fois que l\u2019utilisateur l\u2019a ferm\u00e9e.<br \/>Cookies utilis\u00e9s \u00e0 des fins d\u2019analyse: Ces cookies nous permettent d\u2019analyser le comportement de navigation des visiteurs de notre site Internet. Nous nous en servons pour, le cas \u00e9ch\u00e9ant, am\u00e9liorer la convivialit\u00e9 de notre site.<br \/>Cookies publicitaires: Ces cookies nous permettent d\u2019analyser la pertinence des publicit\u00e9s que nous publions sur notre site. Ainsi, nous sommes en mesure d\u2019identifier et d\u2019afficher les publicit\u00e9s et les offres promotionnelles qui correspondent le mieux \u00e0 vos centres d\u2019int\u00e9r\u00eats.<\/p>\n<p>[\/et_pb_text][\/et_pb_column][\/et_pb_row][\/et_pb_section]<\/p>\n","protected":false},"excerpt":{"rendered":"<p>Politique de confidentialit\u00e9 et cookiesinfo@stabiframe.comPolitique de confidentialit\u00e9 et cookies R\u00e8gles de confidentialit\u00e9 Vos donn\u00e9es sont collect\u00e9es uniquement dans le but de vous proposer nos services dans les meilleures conditions. Notre soci\u00e9t\u00e9 s\u2019engage \u00e0 respecter la confidentialit\u00e9 de vos donn\u00e9es. Vous trouverez ci-dessous le d\u00e9tail de la mani\u00e8re dont vos informations personnelles seront utilis\u00e9es comme votre [&hellip;]<\/p>\n","protected":false},"author":1,"featured_media":0,"parent":0,"menu_order":0,"comment_status":"closed","ping_status":"closed","template":"","meta":{"_et_pb_use_builder":"on","_et_pb_old_content":"","_et_gb_content_width":"","footnotes":""},"class_list":["post-214","page","type-page","status-publish","hentry"],"acf":[],"yoast_head":"<!-- This site is optimized with the Yoast SEO plugin v25.4 - https:\/\/yoast.com\/wordpress\/plugins\/seo\/ -->\n<title>Confidentialit\u00e9 et cookies - Stabiframe<\/title>\n<meta name=\"robots\" content=\"index, follow, max-snippet:-1, max-image-preview:large, max-video-preview:-1\" \/>\n<link rel=\"canonical\" href=\"https:\/\/www.stabiframe.com\/fr\/confidentialite-et-cookies\/\" \/>\n<meta property=\"og:locale\" content=\"fr_FR\" \/>\n<meta property=\"og:type\" content=\"article\" \/>\n<meta property=\"og:title\" content=\"Confidentialit\u00e9 et cookies - Stabiframe\" \/>\n<meta property=\"og:description\" content=\"Politique de confidentialit\u00e9 et cookiesinfo@stabiframe.comPolitique de confidentialit\u00e9 et cookies R\u00e8gles de confidentialit\u00e9 Vos donn\u00e9es sont collect\u00e9es uniquement dans le but de vous proposer nos services dans les meilleures conditions. Notre soci\u00e9t\u00e9 s\u2019engage \u00e0 respecter la confidentialit\u00e9 de vos donn\u00e9es. Vous trouverez ci-dessous le d\u00e9tail de la mani\u00e8re dont vos informations personnelles seront utilis\u00e9es comme votre [&hellip;]\" \/>\n<meta property=\"og:url\" content=\"https:\/\/www.stabiframe.com\/fr\/confidentialite-et-cookies\/\" \/>\n<meta property=\"og:site_name\" content=\"Stabiframe\" \/>\n<meta property=\"article:modified_time\" content=\"2022-05-24T21:23:09+00:00\" \/>\n<meta name=\"twitter:card\" content=\"summary_large_image\" \/>\n<meta name=\"twitter:label1\" content=\"Dur\u00e9e de lecture estim\u00e9e\" \/>\n\t<meta name=\"twitter:data1\" content=\"5 minutes\" \/>\n<script type=\"application\/ld+json\" class=\"yoast-schema-graph\">{\"@context\":\"https:\/\/schema.org\",\"@graph\":[{\"@type\":\"WebPage\",\"@id\":\"https:\/\/www.stabiframe.com\/fr\/confidentialite-et-cookies\/\",\"url\":\"https:\/\/www.stabiframe.com\/fr\/confidentialite-et-cookies\/\",\"name\":\"Confidentialit\u00e9 et cookies - Stabiframe\",\"isPartOf\":{\"@id\":\"https:\/\/www.stabiframe.com\/fr\/#website\"},\"datePublished\":\"2022-04-20T15:19:44+00:00\",\"dateModified\":\"2022-05-24T21:23:09+00:00\",\"breadcrumb\":{\"@id\":\"https:\/\/www.stabiframe.com\/fr\/confidentialite-et-cookies\/#breadcrumb\"},\"inLanguage\":\"fr-FR\",\"potentialAction\":[{\"@type\":\"ReadAction\",\"target\":[\"https:\/\/www.stabiframe.com\/fr\/confidentialite-et-cookies\/\"]}]},{\"@type\":\"BreadcrumbList\",\"@id\":\"https:\/\/www.stabiframe.com\/fr\/confidentialite-et-cookies\/#breadcrumb\",\"itemListElement\":[{\"@type\":\"ListItem\",\"position\":1,\"name\":\"Accueil\",\"item\":\"https:\/\/www.stabiframe.com\/fr\/\"},{\"@type\":\"ListItem\",\"position\":2,\"name\":\"Confidentialit\u00e9 et cookies\"}]},{\"@type\":\"WebSite\",\"@id\":\"https:\/\/www.stabiframe.com\/fr\/#website\",\"url\":\"https:\/\/www.stabiframe.com\/fr\/\",\"name\":\"Stabiframe\",\"description\":\"Light Strong Steel Constructions\",\"potentialAction\":[{\"@type\":\"SearchAction\",\"target\":{\"@type\":\"EntryPoint\",\"urlTemplate\":\"https:\/\/www.stabiframe.com\/fr\/?s={search_term_string}\"},\"query-input\":{\"@type\":\"PropertyValueSpecification\",\"valueRequired\":true,\"valueName\":\"search_term_string\"}}],\"inLanguage\":\"fr-FR\"}]}<\/script>\n<!-- \/ Yoast SEO plugin. -->","yoast_head_json":{"title":"Confidentialit\u00e9 et cookies - Stabiframe","robots":{"index":"index","follow":"follow","max-snippet":"max-snippet:-1","max-image-preview":"max-image-preview:large","max-video-preview":"max-video-preview:-1"},"canonical":"https:\/\/www.stabiframe.com\/fr\/confidentialite-et-cookies\/","og_locale":"fr_FR","og_type":"article","og_title":"Confidentialit\u00e9 et cookies - Stabiframe","og_description":"Politique de confidentialit\u00e9 et cookiesinfo@stabiframe.comPolitique de confidentialit\u00e9 et cookies R\u00e8gles de confidentialit\u00e9 Vos donn\u00e9es sont collect\u00e9es uniquement dans le but de vous proposer nos services dans les meilleures conditions. Notre soci\u00e9t\u00e9 s\u2019engage \u00e0 respecter la confidentialit\u00e9 de vos donn\u00e9es. Vous trouverez ci-dessous le d\u00e9tail de la mani\u00e8re dont vos informations personnelles seront utilis\u00e9es comme votre [&hellip;]","og_url":"https:\/\/www.stabiframe.com\/fr\/confidentialite-et-cookies\/","og_site_name":"Stabiframe","article_modified_time":"2022-05-24T21:23:09+00:00","twitter_card":"summary_large_image","twitter_misc":{"Dur\u00e9e de lecture estim\u00e9e":"5 minutes"},"schema":{"@context":"https:\/\/schema.org","@graph":[{"@type":"WebPage","@id":"https:\/\/www.stabiframe.com\/fr\/confidentialite-et-cookies\/","url":"https:\/\/www.stabiframe.com\/fr\/confidentialite-et-cookies\/","name":"Confidentialit\u00e9 et cookies - Stabiframe","isPartOf":{"@id":"https:\/\/www.stabiframe.com\/fr\/#website"},"datePublished":"2022-04-20T15:19:44+00:00","dateModified":"2022-05-24T21:23:09+00:00","breadcrumb":{"@id":"https:\/\/www.stabiframe.com\/fr\/confidentialite-et-cookies\/#breadcrumb"},"inLanguage":"fr-FR","potentialAction":[{"@type":"ReadAction","target":["https:\/\/www.stabiframe.com\/fr\/confidentialite-et-cookies\/"]}]},{"@type":"BreadcrumbList","@id":"https:\/\/www.stabiframe.com\/fr\/confidentialite-et-cookies\/#breadcrumb","itemListElement":[{"@type":"ListItem","position":1,"name":"Accueil","item":"https:\/\/www.stabiframe.com\/fr\/"},{"@type":"ListItem","position":2,"name":"Confidentialit\u00e9 et cookies"}]},{"@type":"WebSite","@id":"https:\/\/www.stabiframe.com\/fr\/#website","url":"https:\/\/www.stabiframe.com\/fr\/","name":"Stabiframe","description":"Light Strong Steel Constructions","potentialAction":[{"@type":"SearchAction","target":{"@type":"EntryPoint","urlTemplate":"https:\/\/www.stabiframe.com\/fr\/?s={search_term_string}"},"query-input":{"@type":"PropertyValueSpecification","valueRequired":true,"valueName":"search_term_string"}}],"inLanguage":"fr-FR"}]}},"_links":{"self":[{"href":"https:\/\/www.stabiframe.com\/fr\/wp-json\/wp\/v2\/pages\/214","targetHints":{"allow":["GET"]}}],"collection":[{"href":"https:\/\/www.stabiframe.com\/fr\/wp-json\/wp\/v2\/pages"}],"about":[{"href":"https:\/\/www.stabiframe.com\/fr\/wp-json\/wp\/v2\/types\/page"}],"author":[{"embeddable":true,"href":"https:\/\/www.stabiframe.com\/fr\/wp-json\/wp\/v2\/users\/1"}],"replies":[{"embeddable":true,"href":"https:\/\/www.stabiframe.com\/fr\/wp-json\/wp\/v2\/comments?post=214"}],"version-history":[{"count":3,"href":"https:\/\/www.stabiframe.com\/fr\/wp-json\/wp\/v2\/pages\/214\/revisions"}],"predecessor-version":[{"id":690,"href":"https:\/\/www.stabiframe.com\/fr\/wp-json\/wp\/v2\/pages\/214\/revisions\/690"}],"wp:attachment":[{"href":"https:\/\/www.stabiframe.com\/fr\/wp-json\/wp\/v2\/media?parent=214"}],"curies":[{"name":"wp","href":"https:\/\/api.w.org\/{rel}","templated":true}]}}