{"id":2288,"date":"2022-04-20T16:50:12","date_gmt":"2022-04-20T14:50:12","guid":{"rendered":"https:\/\/www.stabiframe.com\/trabajar-en-stabiframe\/"},"modified":"2024-11-05T11:13:52","modified_gmt":"2024-11-05T10:13:52","slug":"trabajar-en-stabiframe","status":"publish","type":"page","link":"https:\/\/www.stabiframe.com\/es\/trabajar-en-stabiframe\/","title":{"rendered":"Trabajar en Stabiframe"},"content":{"rendered":"<p>[et_pb_section fb_built=\u00bb1&#8243; _builder_version=\u00bb4.17.3&#8243; _module_preset=\u00bbdefault\u00bb background_enable_color=\u00bboff\u00bb background_image=\u00bbhttps:\/\/www.stabiframe.com\/wp-content\/uploads\/2022\/05\/Stabiframe_team.jpg\u00bb custom_margin=\u00bb0%||0%||false|false\u00bb custom_padding=\u00bb0%||0%||false|false\u00bb global_colors_info=\u00bb{}\u00bb][et_pb_row _builder_version=\u00bb4.17.3&#8243; _module_preset=\u00bbdefault\u00bb background_color=\u00bbrgba(44,56,75,0.65)\u00bb width=\u00bb100%\u00bb max_width=\u00bb100%\u00bb custom_margin=\u00bb||||false|false\u00bb custom_padding=\u00bb5%||10%|5%|false|false\u00bb global_colors_info=\u00bb{}\u00bb][et_pb_column type=\u00bb4_4&#8243; _builder_version=\u00bb4.17.3&#8243; _module_preset=\u00bbdefault\u00bb background_enable_color=\u00bboff\u00bb custom_padding=\u00bb2%|2%|2%|2%|false|false\u00bb global_colors_info=\u00bb{}\u00bb][et_pb_text _builder_version=\u00bb4.17.3&#8243; _module_preset=\u00bbdefault\u00bb header_font=\u00bb|300|||||||\u00bb header_text_color=\u00bb#FFFFFF\u00bb header_font_size=\u00bb55px\u00bb header_line_height=\u00bb1.2em\u00bb global_colors_info=\u00bb{}\u00bb]<\/p>\n<h1>\u00danete al equipo Stabiframe<\/h1>\n<p>[\/et_pb_text][\/et_pb_column][\/et_pb_row][\/et_pb_section][et_pb_section fb_built=\u00bb1&#8243; _builder_version=\u00bb4.16&#8243; _module_preset=\u00bbdefault\u00bb custom_margin=\u00bb-3px|||||\u00bb custom_padding=\u00bb0px||0px|||\u00bb global_colors_info=\u00bb{}\u00bb][et_pb_row use_custom_gutter=\u00bbon\u00bb gutter_width=\u00bb2&#8243; _builder_version=\u00bb4.16&#8243; _module_preset=\u00bbdefault\u00bb width=\u00bb95%\u00bb max_width=\u00bb100%\u00bb global_colors_info=\u00bb{}\u00bb][et_pb_column type=\u00bb4_4&#8243; _builder_version=\u00bb4.16&#8243; _module_preset=\u00bbdefault\u00bb global_colors_info=\u00bb{}\u00bb][et_pb_text _builder_version=\u00bb4.18.0&#8243; _module_preset=\u00bbdefault\u00bb header_2_font=\u00bb|300|||||||\u00bb header_2_text_align=\u00bbcenter\u00bb header_2_font_size=\u00bb32px\u00bb hover_enabled=\u00bb0&#8243; global_colors_info=\u00bb{}\u00bb sticky_enabled=\u00bb0&#8243;]<\/p>\n<h2 style=\"text-align: center;\"><span id=\"p349\">Forma parte del futuro de la construcci\u00f3n.<\/span><\/h2>\n<p>[\/et_pb_text][\/et_pb_column][\/et_pb_row][\/et_pb_section][et_pb_section fb_built=\u00bb1&#8243; _builder_version=\u00bb4.17.3&#8243; _module_preset=\u00bbdefault\u00bb background_color=\u00bb#F6F6F6&#8243; custom_margin=\u00bb-3px|||||\u00bb custom_padding=\u00bb0px||0px|||\u00bb global_colors_info=\u00bb{}\u00bb][et_pb_row use_custom_gutter=\u00bbon\u00bb gutter_width=\u00bb2&#8243; _builder_version=\u00bb4.16&#8243; _module_preset=\u00bbdefault\u00bb width=\u00bb95%\u00bb max_width=\u00bb100%\u00bb global_colors_info=\u00bb{}\u00bb][et_pb_column type=\u00bb4_4&#8243; _builder_version=\u00bb4.16&#8243; _module_preset=\u00bbdefault\u00bb global_colors_info=\u00bb{}\u00bb][et_pb_text _builder_version=\u00bb4.17.3&#8243; _module_preset=\u00bbdefault\u00bb header_2_font=\u00bb|300|||||||\u00bb header_2_text_align=\u00bbcenter\u00bb header_2_font_size=\u00bb32px\u00bb header_3_font=\u00bb|300|||||||\u00bb global_colors_info=\u00bb{}\u00bb]<\/p>\n<h3><span>Ingeniero de estabilidad<\/span><\/h3>\n<p>[\/et_pb_text][et_pb_text _builder_version=\u00bb4.17.3&#8243; _module_preset=\u00bbdefault\u00bb text_font=\u00bb|300|||||||\u00bb custom_padding=\u00bb||1px|||\u00bb global_colors_info=\u00bb{}\u00bb]<\/p>\n<p><span>\u00bfTe gustar\u00eda unirte a un equipo din\u00e1mico en un sector en r\u00e1pida evoluci\u00f3n? \u00bfEst\u00e1s convencido de que la carpinter\u00eda met\u00e1lica es el futuro de la construcci\u00f3n? \u00bfTienes formaci\u00f3n en ingenier\u00eda y ya has trabajado en el sector de la construcci\u00f3n? Entonces, \u00a1este es tu trabajo! Inf\u00f3rmate y env\u00edanos tu candidatura a trav\u00e9s de nuestro formulario en l\u00ednea.    <\/span><\/p>\n<p>[\/et_pb_text][et_pb_button button_url=\u00bb@ET-DC@eyJkeW5hbWljIjp0cnVlLCJjb250ZW50IjoicG9zdF9saW5rX3VybF9wYWdlIiwic2V0dGluZ3MiOnsicG9zdF9pZCI6IjY2MSJ9fQ==@\u00bb button_text=\u00bbM\u00e1s informaci\u00f3n\u00bb button_alignment=\u00bbright\u00bb _builder_version=\u00bb4.17.3&#8243; _dynamic_attributes=\u00bbbutton_url\u00bb _module_preset=\u00bbdefault\u00bb custom_button=\u00bbon\u00bb button_text_color=\u00bb#FFFFFF\u00bb button_bg_color=\u00bb#CC485B\u00bb button_font=\u00bb|300|||||||\u00bb custom_margin=\u00bb2%||||false|false\u00bb custom_padding=\u00bb|10%||10%|false|false\u00bb global_colors_info=\u00bb{}\u00bb][\/et_pb_button][\/et_pb_column][\/et_pb_row][\/et_pb_section]<\/p>\n","protected":false},"excerpt":{"rendered":"<p>\u00danete al equipo StabiframeForma parte del futuro de la construcci\u00f3n.Ingeniero de estabilidad\u00bfTe gustar\u00eda unirte a un equipo din\u00e1mico en un sector en r\u00e1pida evoluci\u00f3n? \u00bfEst\u00e1s convencido de que la carpinter\u00eda met\u00e1lica es el futuro de la construcci\u00f3n? \u00bfTienes formaci\u00f3n en ingenier\u00eda y ya has trabajado en el sector de la construcci\u00f3n? Entonces, \u00a1este es tu [&hellip;]<\/p>\n","protected":false},"author":1,"featured_media":0,"parent":0,"menu_order":0,"comment_status":"closed","ping_status":"closed","template":"","meta":{"_et_pb_use_builder":"on","_et_pb_old_content":"","_et_gb_content_width":"","footnotes":""},"class_list":["post-2288","page","type-page","status-publish","hentry"],"acf":[],"yoast_head":"<!-- This site is optimized with the Yoast SEO plugin v25.4 - https:\/\/yoast.com\/wordpress\/plugins\/seo\/ -->\n<title>Trabajar en Stabiframe - Stabiframe<\/title>\n<meta name=\"robots\" content=\"index, follow, max-snippet:-1, max-image-preview:large, max-video-preview:-1\" \/>\n<link rel=\"canonical\" href=\"https:\/\/www.stabiframe.com\/fr\/job\/\" \/>\n<meta property=\"og:locale\" content=\"es_ES\" \/>\n<meta property=\"og:type\" content=\"article\" \/>\n<meta property=\"og:title\" content=\"Trabajar en Stabiframe - Stabiframe\" \/>\n<meta property=\"og:description\" content=\"\u00danete al equipo StabiframeForma parte del futuro de la construcci\u00f3n.Ingeniero de estabilidad\u00bfTe gustar\u00eda unirte a un equipo din\u00e1mico en un sector en r\u00e1pida evoluci\u00f3n? \u00bfEst\u00e1s convencido de que la carpinter\u00eda met\u00e1lica es el futuro de la construcci\u00f3n? \u00bfTienes formaci\u00f3n en ingenier\u00eda y ya has trabajado en el sector de la construcci\u00f3n? Entonces, \u00a1este es tu [&hellip;]\" \/>\n<meta property=\"og:url\" content=\"https:\/\/www.stabiframe.com\/fr\/job\/\" \/>\n<meta property=\"og:site_name\" content=\"Stabiframe\" \/>\n<meta property=\"article:modified_time\" content=\"2024-11-05T10:13:52+00:00\" \/>\n<meta name=\"twitter:card\" content=\"summary_large_image\" \/>\n<meta name=\"twitter:label1\" content=\"Tiempo de lectura\" \/>\n\t<meta name=\"twitter:data1\" content=\"2 minutos\" \/>\n<script type=\"application\/ld+json\" class=\"yoast-schema-graph\">{\"@context\":\"https:\/\/schema.org\",\"@graph\":[{\"@type\":\"WebPage\",\"@id\":\"https:\/\/www.stabiframe.com\/fr\/job\/\",\"url\":\"https:\/\/www.stabiframe.com\/fr\/job\/\",\"name\":\"Trabajar en Stabiframe - Stabiframe\",\"isPartOf\":{\"@id\":\"https:\/\/www.stabiframe.com\/fr\/#website\"},\"datePublished\":\"2022-04-20T14:50:12+00:00\",\"dateModified\":\"2024-11-05T10:13:52+00:00\",\"breadcrumb\":{\"@id\":\"https:\/\/www.stabiframe.com\/fr\/job\/#breadcrumb\"},\"inLanguage\":\"es\",\"potentialAction\":[{\"@type\":\"ReadAction\",\"target\":[\"https:\/\/www.stabiframe.com\/fr\/job\/\"]}]},{\"@type\":\"BreadcrumbList\",\"@id\":\"https:\/\/www.stabiframe.com\/fr\/job\/#breadcrumb\",\"itemListElement\":[{\"@type\":\"ListItem\",\"position\":1,\"name\":\"Accueil\",\"item\":\"https:\/\/www.stabiframe.com\/es\/\"},{\"@type\":\"ListItem\",\"position\":2,\"name\":\"Trabajar en Stabiframe\"}]},{\"@type\":\"WebSite\",\"@id\":\"https:\/\/www.stabiframe.com\/fr\/#website\",\"url\":\"https:\/\/www.stabiframe.com\/fr\/\",\"name\":\"Stabiframe\",\"description\":\"Light Strong Steel Constructions\",\"potentialAction\":[{\"@type\":\"SearchAction\",\"target\":{\"@type\":\"EntryPoint\",\"urlTemplate\":\"https:\/\/www.stabiframe.com\/fr\/?s={search_term_string}\"},\"query-input\":{\"@type\":\"PropertyValueSpecification\",\"valueRequired\":true,\"valueName\":\"search_term_string\"}}],\"inLanguage\":\"es\"}]}<\/script>\n<!-- \/ Yoast SEO plugin. -->","yoast_head_json":{"title":"Trabajar en Stabiframe - Stabiframe","robots":{"index":"index","follow":"follow","max-snippet":"max-snippet:-1","max-image-preview":"max-image-preview:large","max-video-preview":"max-video-preview:-1"},"canonical":"https:\/\/www.stabiframe.com\/fr\/job\/","og_locale":"es_ES","og_type":"article","og_title":"Trabajar en Stabiframe - Stabiframe","og_description":"\u00danete al equipo StabiframeForma parte del futuro de la construcci\u00f3n.Ingeniero de estabilidad\u00bfTe gustar\u00eda unirte a un equipo din\u00e1mico en un sector en r\u00e1pida evoluci\u00f3n? \u00bfEst\u00e1s convencido de que la carpinter\u00eda met\u00e1lica es el futuro de la construcci\u00f3n? \u00bfTienes formaci\u00f3n en ingenier\u00eda y ya has trabajado en el sector de la construcci\u00f3n? Entonces, \u00a1este es tu [&hellip;]","og_url":"https:\/\/www.stabiframe.com\/fr\/job\/","og_site_name":"Stabiframe","article_modified_time":"2024-11-05T10:13:52+00:00","twitter_card":"summary_large_image","twitter_misc":{"Tiempo de lectura":"2 minutos"},"schema":{"@context":"https:\/\/schema.org","@graph":[{"@type":"WebPage","@id":"https:\/\/www.stabiframe.com\/fr\/job\/","url":"https:\/\/www.stabiframe.com\/fr\/job\/","name":"Trabajar en Stabiframe - Stabiframe","isPartOf":{"@id":"https:\/\/www.stabiframe.com\/fr\/#website"},"datePublished":"2022-04-20T14:50:12+00:00","dateModified":"2024-11-05T10:13:52+00:00","breadcrumb":{"@id":"https:\/\/www.stabiframe.com\/fr\/job\/#breadcrumb"},"inLanguage":"es","potentialAction":[{"@type":"ReadAction","target":["https:\/\/www.stabiframe.com\/fr\/job\/"]}]},{"@type":"BreadcrumbList","@id":"https:\/\/www.stabiframe.com\/fr\/job\/#breadcrumb","itemListElement":[{"@type":"ListItem","position":1,"name":"Accueil","item":"https:\/\/www.stabiframe.com\/es\/"},{"@type":"ListItem","position":2,"name":"Trabajar en Stabiframe"}]},{"@type":"WebSite","@id":"https:\/\/www.stabiframe.com\/fr\/#website","url":"https:\/\/www.stabiframe.com\/fr\/","name":"Stabiframe","description":"Light Strong Steel Constructions","potentialAction":[{"@type":"SearchAction","target":{"@type":"EntryPoint","urlTemplate":"https:\/\/www.stabiframe.com\/fr\/?s={search_term_string}"},"query-input":{"@type":"PropertyValueSpecification","valueRequired":true,"valueName":"search_term_string"}}],"inLanguage":"es"}]}},"_links":{"self":[{"href":"https:\/\/www.stabiframe.com\/es\/wp-json\/wp\/v2\/pages\/2288","targetHints":{"allow":["GET"]}}],"collection":[{"href":"https:\/\/www.stabiframe.com\/es\/wp-json\/wp\/v2\/pages"}],"about":[{"href":"https:\/\/www.stabiframe.com\/es\/wp-json\/wp\/v2\/types\/page"}],"author":[{"embeddable":true,"href":"https:\/\/www.stabiframe.com\/es\/wp-json\/wp\/v2\/users\/1"}],"replies":[{"embeddable":true,"href":"https:\/\/www.stabiframe.com\/es\/wp-json\/wp\/v2\/comments?post=2288"}],"version-history":[{"count":1,"href":"https:\/\/www.stabiframe.com\/es\/wp-json\/wp\/v2\/pages\/2288\/revisions"}],"predecessor-version":[{"id":2290,"href":"https:\/\/www.stabiframe.com\/es\/wp-json\/wp\/v2\/pages\/2288\/revisions\/2290"}],"wp:attachment":[{"href":"https:\/\/www.stabiframe.com\/es\/wp-json\/wp\/v2\/media?parent=2288"}],"curies":[{"name":"wp","href":"https:\/\/api.w.org\/{rel}","templated":true}]}}