{"id":2207,"date":"2022-04-20T17:19:44","date_gmt":"2022-04-20T15:19:44","guid":{"rendered":"https:\/\/www.stabiframe.com\/confidencialidad-y-cookies\/"},"modified":"2024-11-05T11:13:47","modified_gmt":"2024-11-05T10:13:47","slug":"confidencialidad-y-cookies","status":"publish","type":"page","link":"https:\/\/www.stabiframe.com\/es\/confidencialidad-y-cookies\/","title":{"rendered":"Confidencialidad y cookies"},"content":{"rendered":"<p>[et_pb_section fb_built=\u00bb1&#8243; _builder_version=\u00bb4.17.3&#8243; _module_preset=\u00bbdefault\u00bb custom_padding=\u00bb0%||0%||false|false\u00bb hover_enabled=\u00bb0&#8243; global_colors_info=\u00bb{}\u00bb background_enable_color=\u00bboff\u00bb title_text=\u00bbstabiframe-cookies-header\u00bb background_image=\u00bbhttps:\/\/www.stabiframe.com\/wp-content\/uploads\/2022\/05\/stabiframe-cookies-header.jpg\u00bb sticky_enabled=\u00bb0&#8243; custom_margin=\u00bb0%||0%||false|false\u00bb][et_pb_row _builder_version=\u00bb4.17.3&#8243; _module_preset=\u00bbdefault\u00bb width=\u00bb100%\u00bb max_width=\u00bb100%\u00bb custom_margin=\u00bb||||false|false\u00bb custom_padding=\u00bb5%||10%|5%|false|false\u00bb global_colors_info=\u00bb{}\u00bb background_color=\u00bbrgba(44,56,75,0.65)\u00bb hover_enabled=\u00bb0&#8243; sticky_enabled=\u00bb0&#8243;][et_pb_column type=\u00bb4_4&#8243; _builder_version=\u00bb4.17.3&#8243; _module_preset=\u00bbdefault\u00bb custom_padding=\u00bb2%|2%|2%|2%|false|false\u00bb hover_enabled=\u00bb0&#8243; global_colors_info=\u00bb{}\u00bb background_enable_color=\u00bboff\u00bb sticky_enabled=\u00bb0&#8243;][et_pb_text _builder_version=\u00bb4.17.3&#8243; _module_preset=\u00bbdefault\u00bb header_font=\u00bb|300|||||||\u00bb header_text_color=\u00bb#FFFFFF\u00bb header_font_size=\u00bb55px\u00bb header_line_height=\u00bb1.2em\u00bb hover_enabled=\u00bb0&#8243; global_colors_info=\u00bb{}\u00bb sticky_enabled=\u00bb0&#8243;]<\/p>\n<h1>Pol\u00edtica de privacidad y cookies<\/h1>\n<p>[\/et_pb_text][et_pb_text _builder_version=\u00bb4.17.1&#8243; _module_preset=\u00bbdefault\u00bb text_font=\u00bb|300|||||||\u00bb text_text_color=\u00bb#FFFFFF\u00bb header_2_font=\u00bb|300|||||||\u00bb header_2_text_color=\u00bb#FFFFFF\u00bb custom_padding=\u00bb||0px|||\u00bb global_colors_info=\u00bb{}\u00bb]<\/p>\n<h2><span>info@stabiframe.com<\/span><\/h2>\n<p>[\/et_pb_text][\/et_pb_column][\/et_pb_row][\/et_pb_section][et_pb_section fb_built=\u00bb1&#8243; _builder_version=\u00bb4.16&#8243; _module_preset=\u00bbdefault\u00bb custom_margin=\u00bb-3px|||||\u00bb custom_padding=\u00bb0px||0px|||\u00bb global_colors_info=\u00bb{}\u00bb][et_pb_row use_custom_gutter=\u00bbon\u00bb gutter_width=\u00bb2&#8243; _builder_version=\u00bb4.17.3&#8243; _module_preset=\u00bbdefault\u00bb width=\u00bb90%\u00bb max_width=\u00bb100%\u00bb hover_enabled=\u00bb0&#8243; global_colors_info=\u00bb{}\u00bb sticky_enabled=\u00bb0&#8243;][et_pb_column type=\u00bb4_4&#8243; _builder_version=\u00bb4.16&#8243; _module_preset=\u00bbdefault\u00bb global_colors_info=\u00bb{}\u00bb][et_pb_text _builder_version=\u00bb4.17.3&#8243; _module_preset=\u00bbdefault\u00bb text_font=\u00bb|300|||||||\u00bb hover_enabled=\u00bb0&#8243; global_colors_info=\u00bb{}\u00bb header_font=\u00bb|300|||||||\u00bb header_2_font=\u00bb|300|||||||\u00bb sticky_enabled=\u00bb0&#8243;]<\/p>\n<h1>Pol\u00edtica de privacidad y cookies<\/h1>\n<h2>Normas de confidencialidad<\/h2>\n<p>Tus datos se recogen con el \u00fanico fin de ofrecerte nuestros servicios en las mejores condiciones posibles. Nuestra empresa se compromete a respetar la confidencialidad de tus datos. A continuaci\u00f3n encontrar\u00e1s informaci\u00f3n detallada sobre el uso que se har\u00e1 de tus datos personales, como tu nombre, direcci\u00f3n, direcci\u00f3n de correo electr\u00f3nico, &#8230;..  <\/p>\n<p>Estas normas se refieren exclusivamente a la recogida de datos en nuestro sitio a trav\u00e9s de formularios de contacto.<\/p>\n<p>Al utilizar el sitio y rellenar formularios, aceptas que se recopilen tus datos personales, que se utilizar\u00e1n de la siguiente manera:<\/p>\n<h3>\u00bfQu\u00e9 informaci\u00f3n se recoge?<\/h3>\n<p>Recogemos los datos generales de contacto del internauta, es decir (en funci\u00f3n de los campos disponibles) sus apellidos, nombre, direcci\u00f3n completa, n\u00famero de tel\u00e9fono y direcci\u00f3n de correo electr\u00f3nico, as\u00ed como informaci\u00f3n espec\u00edfica de los servicios para los que se realizar\u00e1 tu solicitud.<\/p>\n<h3>\u00bfQu\u00e9 hacemos con tu informaci\u00f3n?<\/h3>\n<p>La finalidad de la recogida de tus datos es responder a tus solicitudes de informaci\u00f3n relativas a los servicios y productos contenidos en nuestro sitio web. (solicitud de cat\u00e1logos, informaci\u00f3n sobre precios, solicitud de presupuestos o informaci\u00f3n general). <\/p>\n<p>Comunicaci\u00f3n con el cliente: Utilizando tus datos, podemos ponernos en contacto contigo, ya que consideramos este intercambio parte integrante de nuestro servicio.<br \/>Podemos utilizar tu direcci\u00f3n de correo electr\u00f3nico y\/o postal para informarte de nuestras \u00faltimas noticias, promociones y ofertas de terceros que puedan interesarte. Siempre podr\u00e1s darte de baja en cualquier momento haciendo clic en el enlace \u00abDarse de baja\u00bb que aparece al final de cada correo electr\u00f3nico. <\/p>\n<h3>Compartir tu informaci\u00f3n.<\/h3>\n<p>Tus datos nunca se transmitir\u00e1n a terceras empresas.<\/p>\n<h3>Borrar tu informaci\u00f3n personal<\/h3>\n<p>Si tu informaci\u00f3n se almacena en una base de datos y se utiliza para enviar boletines informativos (v\u00e9ase el apartado anterior: comunicaci\u00f3n con el cliente), siempre podr\u00e1s darte de baja haciendo clic en el enlace que aparece al final de cada correo electr\u00f3nico.<\/p>\n<h2>Condiciones de uso de las cookies<\/h2>\n<h3>\u00bfQu\u00e9 son las cookies?<\/h3>\n<p>El sitio utiliza cookies, una pr\u00e1ctica habitual en muchos sitios web. Las cookies son peque\u00f1as cantidades de informaci\u00f3n almacenadas en archivos de texto que se guardan en tu ordenador cuando visitas el sitio. La informaci\u00f3n almacenada en estos archivos se enviar\u00e1 a nuestro servidor la pr\u00f3xima vez que nos visites.  <\/p>\n<h3>\u00bfPara qu\u00e9 se utilizan las cookies?<\/h3>\n<p>Las cookies tienen dos funciones: facilitarte la navegaci\u00f3n por un sitio web y recopilar informaci\u00f3n, como el contenido de tu cesta de la compra o la contrase\u00f1a de tu cuenta de usuario. As\u00ed, la pr\u00f3xima vez que visites nuestro sitio, encontrar\u00e1s los productos que has colocado en tu cesta, y no tendr\u00e1s que introducir tu contrase\u00f1a para iniciar sesi\u00f3n. <\/p>\n<h3>\u00bfLas cookies registran informaci\u00f3n personal?<\/h3>\n<p>Las cookies no almacenan ninguna informaci\u00f3n personal, ni ninguna informaci\u00f3n que pueda identificarte como individuo. Adem\u00e1s, las cookies no pueden da\u00f1ar (los archivos de) tu ordenador. <\/p>\n<p>Utilizamos los siguientes tipos de cookies:<\/p>\n<p>Cookies funcionales: Las cookies funcionales se utilizan para facilitarte la navegaci\u00f3n por nuestro sitio web. Utilizamos cookies funcionales para permitirte a\u00f1adir productos a tu cesta, y para encontrarlos en tu cesta cuando vuelvas a nuestro sitio web. Tambi\u00e9n utilizamos cookies que, al utilizar la funci\u00f3n de di\u00e1logo en l\u00ednea, nos permiten hacer un seguimiento de las transacciones que realizas en pantalla, y as\u00ed nos dan los medios para guiarte paso a paso, si es necesario. Se utiliza una cookie para comprobar si el usuario ha optado por cerrar esta ventana emergente explicativa, de modo que no vuelva a la pantalla cada vez.<br \/>Tambi\u00e9n se utiliza una cookie para impedir que se muestre la barra informativa sobre el uso de cookies una vez que el usuario la ha cerrado. Cookies utilizadas con fines de an\u00e1lisis: Estas cookies nos permiten analizar el comportamiento de navegaci\u00f3n de los visitantes de nuestro sitio web.<br \/>Las utilizamos cuando es necesario para mejorar la facilidad de uso de nuestro sitio. Cookies publicitarias: Estas cookies nos permiten analizar la pertinencia de los anuncios que publicamos en nuestro sitio. De este modo, podemos identificar y mostrar los anuncios y ofertas promocionales que mejor corresponden a tus \u00e1reas de inter\u00e9s.      <\/p>\n<p>[\/et_pb_text][\/et_pb_column][\/et_pb_row][\/et_pb_section]<\/p>\n","protected":false},"excerpt":{"rendered":"<p>Pol\u00edtica de privacidad y cookiesinfo@stabiframe.comPol\u00edtica de privacidad y cookies Normas de confidencialidad Tus datos se recogen con el \u00fanico fin de ofrecerte nuestros servicios en las mejores condiciones posibles. Nuestra empresa se compromete a respetar la confidencialidad de tus datos. A continuaci\u00f3n encontrar\u00e1s informaci\u00f3n detallada sobre el uso que se har\u00e1 de tus datos personales, [&hellip;]<\/p>\n","protected":false},"author":1,"featured_media":0,"parent":0,"menu_order":0,"comment_status":"closed","ping_status":"closed","template":"","meta":{"_et_pb_use_builder":"on","_et_pb_old_content":"","_et_gb_content_width":"","footnotes":""},"class_list":["post-2207","page","type-page","status-publish","hentry"],"acf":[],"yoast_head":"<!-- This site is optimized with the Yoast SEO plugin v25.4 - https:\/\/yoast.com\/wordpress\/plugins\/seo\/ -->\n<title>Confidencialidad y cookies - Stabiframe<\/title>\n<meta name=\"robots\" content=\"index, follow, max-snippet:-1, max-image-preview:large, max-video-preview:-1\" \/>\n<link rel=\"canonical\" href=\"https:\/\/www.stabiframe.com\/fr\/confidentialite-et-cookies\/\" \/>\n<meta property=\"og:locale\" content=\"es_ES\" \/>\n<meta property=\"og:type\" content=\"article\" \/>\n<meta property=\"og:title\" content=\"Confidencialidad y cookies - Stabiframe\" \/>\n<meta property=\"og:description\" content=\"Pol\u00edtica de privacidad y cookiesinfo@stabiframe.comPol\u00edtica de privacidad y cookies Normas de confidencialidad Tus datos se recogen con el \u00fanico fin de ofrecerte nuestros servicios en las mejores condiciones posibles. Nuestra empresa se compromete a respetar la confidencialidad de tus datos. A continuaci\u00f3n encontrar\u00e1s informaci\u00f3n detallada sobre el uso que se har\u00e1 de tus datos personales, [&hellip;]\" \/>\n<meta property=\"og:url\" content=\"https:\/\/www.stabiframe.com\/fr\/confidentialite-et-cookies\/\" \/>\n<meta property=\"og:site_name\" content=\"Stabiframe\" \/>\n<meta property=\"article:modified_time\" content=\"2024-11-05T10:13:47+00:00\" \/>\n<meta name=\"twitter:card\" content=\"summary_large_image\" \/>\n<meta name=\"twitter:label1\" content=\"Tiempo de lectura\" \/>\n\t<meta name=\"twitter:data1\" content=\"5 minutos\" \/>\n<script type=\"application\/ld+json\" class=\"yoast-schema-graph\">{\"@context\":\"https:\/\/schema.org\",\"@graph\":[{\"@type\":\"WebPage\",\"@id\":\"https:\/\/www.stabiframe.com\/fr\/confidentialite-et-cookies\/\",\"url\":\"https:\/\/www.stabiframe.com\/fr\/confidentialite-et-cookies\/\",\"name\":\"Confidencialidad y cookies - Stabiframe\",\"isPartOf\":{\"@id\":\"https:\/\/www.stabiframe.com\/fr\/#website\"},\"datePublished\":\"2022-04-20T15:19:44+00:00\",\"dateModified\":\"2024-11-05T10:13:47+00:00\",\"breadcrumb\":{\"@id\":\"https:\/\/www.stabiframe.com\/fr\/confidentialite-et-cookies\/#breadcrumb\"},\"inLanguage\":\"es\",\"potentialAction\":[{\"@type\":\"ReadAction\",\"target\":[\"https:\/\/www.stabiframe.com\/fr\/confidentialite-et-cookies\/\"]}]},{\"@type\":\"BreadcrumbList\",\"@id\":\"https:\/\/www.stabiframe.com\/fr\/confidentialite-et-cookies\/#breadcrumb\",\"itemListElement\":[{\"@type\":\"ListItem\",\"position\":1,\"name\":\"Accueil\",\"item\":\"https:\/\/www.stabiframe.com\/es\/\"},{\"@type\":\"ListItem\",\"position\":2,\"name\":\"Confidencialidad y cookies\"}]},{\"@type\":\"WebSite\",\"@id\":\"https:\/\/www.stabiframe.com\/fr\/#website\",\"url\":\"https:\/\/www.stabiframe.com\/fr\/\",\"name\":\"Stabiframe\",\"description\":\"Light Strong Steel Constructions\",\"potentialAction\":[{\"@type\":\"SearchAction\",\"target\":{\"@type\":\"EntryPoint\",\"urlTemplate\":\"https:\/\/www.stabiframe.com\/fr\/?s={search_term_string}\"},\"query-input\":{\"@type\":\"PropertyValueSpecification\",\"valueRequired\":true,\"valueName\":\"search_term_string\"}}],\"inLanguage\":\"es\"}]}<\/script>\n<!-- \/ Yoast SEO plugin. -->","yoast_head_json":{"title":"Confidencialidad y cookies - Stabiframe","robots":{"index":"index","follow":"follow","max-snippet":"max-snippet:-1","max-image-preview":"max-image-preview:large","max-video-preview":"max-video-preview:-1"},"canonical":"https:\/\/www.stabiframe.com\/fr\/confidentialite-et-cookies\/","og_locale":"es_ES","og_type":"article","og_title":"Confidencialidad y cookies - Stabiframe","og_description":"Pol\u00edtica de privacidad y cookiesinfo@stabiframe.comPol\u00edtica de privacidad y cookies Normas de confidencialidad Tus datos se recogen con el \u00fanico fin de ofrecerte nuestros servicios en las mejores condiciones posibles. Nuestra empresa se compromete a respetar la confidencialidad de tus datos. A continuaci\u00f3n encontrar\u00e1s informaci\u00f3n detallada sobre el uso que se har\u00e1 de tus datos personales, [&hellip;]","og_url":"https:\/\/www.stabiframe.com\/fr\/confidentialite-et-cookies\/","og_site_name":"Stabiframe","article_modified_time":"2024-11-05T10:13:47+00:00","twitter_card":"summary_large_image","twitter_misc":{"Tiempo de lectura":"5 minutos"},"schema":{"@context":"https:\/\/schema.org","@graph":[{"@type":"WebPage","@id":"https:\/\/www.stabiframe.com\/fr\/confidentialite-et-cookies\/","url":"https:\/\/www.stabiframe.com\/fr\/confidentialite-et-cookies\/","name":"Confidencialidad y cookies - Stabiframe","isPartOf":{"@id":"https:\/\/www.stabiframe.com\/fr\/#website"},"datePublished":"2022-04-20T15:19:44+00:00","dateModified":"2024-11-05T10:13:47+00:00","breadcrumb":{"@id":"https:\/\/www.stabiframe.com\/fr\/confidentialite-et-cookies\/#breadcrumb"},"inLanguage":"es","potentialAction":[{"@type":"ReadAction","target":["https:\/\/www.stabiframe.com\/fr\/confidentialite-et-cookies\/"]}]},{"@type":"BreadcrumbList","@id":"https:\/\/www.stabiframe.com\/fr\/confidentialite-et-cookies\/#breadcrumb","itemListElement":[{"@type":"ListItem","position":1,"name":"Accueil","item":"https:\/\/www.stabiframe.com\/es\/"},{"@type":"ListItem","position":2,"name":"Confidencialidad y cookies"}]},{"@type":"WebSite","@id":"https:\/\/www.stabiframe.com\/fr\/#website","url":"https:\/\/www.stabiframe.com\/fr\/","name":"Stabiframe","description":"Light Strong Steel Constructions","potentialAction":[{"@type":"SearchAction","target":{"@type":"EntryPoint","urlTemplate":"https:\/\/www.stabiframe.com\/fr\/?s={search_term_string}"},"query-input":{"@type":"PropertyValueSpecification","valueRequired":true,"valueName":"search_term_string"}}],"inLanguage":"es"}]}},"_links":{"self":[{"href":"https:\/\/www.stabiframe.com\/es\/wp-json\/wp\/v2\/pages\/2207","targetHints":{"allow":["GET"]}}],"collection":[{"href":"https:\/\/www.stabiframe.com\/es\/wp-json\/wp\/v2\/pages"}],"about":[{"href":"https:\/\/www.stabiframe.com\/es\/wp-json\/wp\/v2\/types\/page"}],"author":[{"embeddable":true,"href":"https:\/\/www.stabiframe.com\/es\/wp-json\/wp\/v2\/users\/1"}],"replies":[{"embeddable":true,"href":"https:\/\/www.stabiframe.com\/es\/wp-json\/wp\/v2\/comments?post=2207"}],"version-history":[{"count":8,"href":"https:\/\/www.stabiframe.com\/es\/wp-json\/wp\/v2\/pages\/2207\/revisions"}],"predecessor-version":[{"id":2261,"href":"https:\/\/www.stabiframe.com\/es\/wp-json\/wp\/v2\/pages\/2207\/revisions\/2261"}],"wp:attachment":[{"href":"https:\/\/www.stabiframe.com\/es\/wp-json\/wp\/v2\/media?parent=2207"}],"curies":[{"name":"wp","href":"https:\/\/api.w.org\/{rel}","templated":true}]}}