{"id":2124,"date":"2022-05-24T22:58:25","date_gmt":"2022-05-24T20:58:25","guid":{"rendered":"https:\/\/www.stabiframe.com\/ingeniero-de-estabilidad\/"},"modified":"2024-11-05T11:13:51","modified_gmt":"2024-11-05T10:13:51","slug":"ingeniero-de-estabilidad","status":"publish","type":"page","link":"https:\/\/www.stabiframe.com\/es\/trabajar-en-stabiframe\/ingeniero-de-estabilidad\/","title":{"rendered":"Ingeniero de estabilidad"},"content":{"rendered":"<p>[et_pb_section fb_built=\u00bb1&#8243; _builder_version=\u00bb4.17.3&#8243; _module_preset=\u00bbdefault\u00bb background_enable_color=\u00bboff\u00bb background_image=\u00bbhttps:\/\/www.stabiframe.com\/wp-content\/uploads\/2022\/05\/Stabiframe_ingenieurs.jpg\u00bb custom_margin=\u00bb0%||0%||false|false\u00bb custom_padding=\u00bb0%||0%||false|false\u00bb global_colors_info=\u00bb{}\u00bb][et_pb_row _builder_version=\u00bb4.17.3&#8243; _module_preset=\u00bbdefault\u00bb background_color=\u00bbrgba(44,56,75,0.65)\u00bb width=\u00bb100%\u00bb max_width=\u00bb100%\u00bb custom_margin=\u00bb||||false|false\u00bb custom_padding=\u00bb5%||10%|5%|false|false\u00bb global_colors_info=\u00bb{}\u00bb][et_pb_column type=\u00bb4_4&#8243; _builder_version=\u00bb4.17.3&#8243; _module_preset=\u00bbdefault\u00bb background_enable_color=\u00bboff\u00bb custom_padding=\u00bb2%|2%|2%|2%|false|false\u00bb global_colors_info=\u00bb{}\u00bb][et_pb_text _builder_version=\u00bb4.17.3&#8243; _module_preset=\u00bbdefault\u00bb header_font=\u00bb|300|||||||\u00bb header_text_color=\u00bb#FFFFFF\u00bb header_font_size=\u00bb55px\u00bb header_line_height=\u00bb1.2em\u00bb global_colors_info=\u00bb{}\u00bb]<\/p>\n<h1>\u00danete al equipo como ingeniero de estabilidad<\/h1>\n<p>[\/et_pb_text][\/et_pb_column][\/et_pb_row][\/et_pb_section][et_pb_section fb_built=\u00bb1&#8243; _builder_version=\u00bb4.16&#8243; _module_preset=\u00bbdefault\u00bb custom_margin=\u00bb-3px|||||\u00bb custom_padding=\u00bb0px||0px|||\u00bb global_colors_info=\u00bb{}\u00bb][et_pb_row column_structure=\u00bb1_2,1_2&#8243; _builder_version=\u00bb4.17.3&#8243; _module_preset=\u00bbdefault\u00bb width=\u00bb90%\u00bb max_width=\u00bb100%\u00bb global_colors_info=\u00bb{}\u00bb][et_pb_column type=\u00bb1_2&#8243; _builder_version=\u00bb4.17.1&#8243; _module_preset=\u00bbdefault\u00bb global_colors_info=\u00bb{}\u00bb][et_pb_text _builder_version=\u00bb4.17.3&#8243; _module_preset=\u00bbdefault\u00bb text_font=\u00bb|300|||||||\u00bb header_2_font=\u00bb|300|||||||\u00bb header_2_text_align=\u00bbcenter\u00bb header_2_font_size=\u00bb32px\u00bb header_3_font=\u00bb|300|||||||\u00bb global_colors_info=\u00bb{}\u00bb]<\/p>\n<p><span>Jodoigne &#8211; B\u00e9lgica<\/span><\/p>\n<p>[\/et_pb_text][et_pb_text _builder_version=\u00bb4.17.3&#8243; _module_preset=\u00bbdefault\u00bb text_font=\u00bb|300|||||||\u00bb header_2_font=\u00bb|300|||||||\u00bb global_colors_info=\u00bb{}\u00bb]<\/p>\n<h2>Tu papel como ingeniero de estabilidad<\/h2>\n<ul>\n<li style=\"list-style-type: none;\">\n<ul>\n<li style=\"list-style-type: none;\">\n<ul>\n<li>Te encargar\u00e1s de realizar todos los estudios de estabilidad. Esto abarca desde la elaboraci\u00f3n de dise\u00f1os preliminares hasta notas de c\u00e1lculo para estructuras ligeras de acero. <\/li>\n<li>Coordinar\u00e1s y har\u00e1s recomendaciones sobre aspectos t\u00e9cnicos relacionados con la estabilidad de los proyectos actuales y futuros.<\/li>\n<li>Participar\u00e1s en todo el proceso: partiendo de planos, analizar\u00e1s la viabilidad de los proyectos y realizar\u00e1s c\u00e1lculos para poder elaborar un presupuesto adecuado.<\/li>\n<li>Te encargar\u00e1s de los c\u00e1lculos estructurales y elaborar\u00e1s los planos de ejecuci\u00f3n y montaje.<\/li>\n<li><span id=\"p382\">Ser\u00e1s responsable de toda la coordinaci\u00f3n del proyecto, incluida la colaboraci\u00f3n activa con los equipos de producci\u00f3n.<\/span><span id=\"p403\"><span> <\/span><\/span><\/li>\n<li><span id=\"p403\">Participar\u00e1s en la optimizaci\u00f3n de los m\u00e9todos de construcci\u00f3n y fabricaci\u00f3n para apoyar el crecimiento de la empresa.<\/span><\/li>\n<\/ul>\n<\/li>\n<\/ul>\n<\/li>\n<\/ul>\n<p>[\/et_pb_text][\/et_pb_column][et_pb_column type=\u00bb1_2&#8243; disabled_on=\u00bbon|off|off\u00bb _builder_version=\u00bb4.17.3&#8243; _module_preset=\u00bbdefault\u00bb global_colors_info=\u00bb{}\u00bb][et_pb_text _builder_version=\u00bb4.17.3&#8243; _module_preset=\u00bbdefault\u00bb header_3_font=\u00bb|300|||||||\u00bb custom_margin=\u00bb10%||||false|false\u00bb global_colors_info=\u00bb{}\u00bb]<\/p>\n<h3 style=\"text-align: center;\"><span>Autonom\u00eda<\/span><\/h3>\n<h2 style=\"text-align: center;\">\u2605\u2605\u2605\u2605\u2606<\/h2>\n<p>[\/et_pb_text][et_pb_text _builder_version=\u00bb4.17.3&#8243; _module_preset=\u00bbdefault\u00bb header_3_font=\u00bb|300|||||||\u00bb global_colors_info=\u00bb{}\u00bb]<\/p>\n<h3 style=\"text-align: center;\">Conocimientos inform\u00e1ticos<\/h3>\n<h2 style=\"text-align: center;\">\u2605\u2605\u2605\u2605\u2605<\/h2>\n<p>[\/et_pb_text][et_pb_text _builder_version=\u00bb4.17.3&#8243; _module_preset=\u00bbdefault\u00bb header_3_font=\u00bb|300|||||||\u00bb global_colors_info=\u00bb{}\u00bb]<\/p>\n<h3 style=\"text-align: center;\">Una mente anal\u00edtica<\/h3>\n<h2 style=\"text-align: center;\">\u2605\u2605\u2605\u2605\u2605<\/h2>\n<p>[\/et_pb_text][et_pb_text _builder_version=\u00bb4.17.3&#8243; _module_preset=\u00bbdefault\u00bb header_font=\u00bb|300|||||||\u00bb global_colors_info=\u00bb{}\u00bb]<\/p>\n<h3 style=\"text-align: center;\"><span>Curioso<\/span><\/h3>\n<h2 style=\"text-align: center;\">\u2605\u2605\u2605\u2605\u2606<\/h2>\n<p>[\/et_pb_text][\/et_pb_column][\/et_pb_row][et_pb_row column_structure=\u00bb1_2,1_2&#8243; _builder_version=\u00bb4.17.3&#8243; _module_preset=\u00bbdefault\u00bb width=\u00bb90%\u00bb max_width=\u00bb100%\u00bb global_colors_info=\u00bb{}\u00bb][et_pb_column type=\u00bb1_2&#8243; _builder_version=\u00bb4.17.1&#8243; _module_preset=\u00bbdefault\u00bb global_colors_info=\u00bb{}\u00bb][et_pb_text _builder_version=\u00bb4.17.3&#8243; _module_preset=\u00bbdefault\u00bb text_font=\u00bb|300|||||||\u00bb header_2_font=\u00bb|300|||||||\u00bb header_2_text_align=\u00bbcenter\u00bb header_2_font_size=\u00bb32px\u00bb header_3_font=\u00bb|300|||||||\u00bb global_colors_info=\u00bb{}\u00bb]<\/p>\n<h2 style=\"text-align: left;\">\u00bfTe interesa este reto?<\/h2>\n<ul>\n<li style=\"list-style-type: none;\">\n<ul>\n<li style=\"list-style-type: none;\">\n<ul>\n<li><span id=\"p405\">Tienes un m\u00e1ster en ingenier\u00eda industrial o civil, o un m\u00e1ster en ingenier\u00eda y arquitectura.<\/span><br \/><span id=\"p406\">Tienes al menos 2 a\u00f1os de experiencia como ingeniero de estabilidad.<\/span><br \/><span id=\"p407\">Te interesan las estructuras met\u00e1licas.<\/span><br \/><span id=\"p408\">Tienes buenos conocimientos de AUTOCAD.<\/span><br \/><span id=\"p393\">Eres aut\u00f3nomo y anal\u00edtico.<\/span><br \/><span id=\"p394\">Eres preciso y concienzudo.<\/span><br \/><span id=\"p395\">Tienes buenos conocimientos de neerland\u00e9s, franc\u00e9s e ingl\u00e9s.<\/span><\/li>\n<\/ul>\n<\/li>\n<\/ul>\n<\/li>\n<\/ul>\n<p>[\/et_pb_text][\/et_pb_column][et_pb_column type=\u00bb1_2&#8243; _builder_version=\u00bb4.17.1&#8243; _module_preset=\u00bbdefault\u00bb global_colors_info=\u00bb{}\u00bb][et_pb_text _builder_version=\u00bb4.17.3&#8243; _module_preset=\u00bbdefault\u00bb header_2_font=\u00bb|300|||||||\u00bb global_colors_info=\u00bb{}\u00bb]<\/p>\n<h2 style=\"text-align: left;\">\u00a1Inscr\u00edbete ya!<\/h2>\n<div class=\"frm_forms  with_frm_style frm_style_style-formidable\" id=\"frm_form_3_container\" data-token=\"43b3d360d849daf242fd4a367b2e41b2\">\n<form enctype=\"multipart\/form-data\" method=\"post\" class=\"frm-show-form  frm_pro_form \" id=\"form_postuler\" data-token=\"43b3d360d849daf242fd4a367b2e41b2\">\n<div class=\"frm_form_fields \">\n<fieldset>\n<legend class=\"frm_screen_reader\">Postuler<\/legend>\r\n\r\n<div class=\"frm_fields_container\">\n<input type=\"hidden\" name=\"frm_action\" value=\"create\" \/>\n<input type=\"hidden\" name=\"form_id\" value=\"3\" \/>\n<input type=\"hidden\" name=\"frm_hide_fields_3\" id=\"frm_hide_fields_3\" value=\"\" \/>\n<input type=\"hidden\" name=\"form_key\" value=\"postuler\" \/>\n<input type=\"hidden\" name=\"item_meta[0]\" value=\"\" \/>\n<input type=\"hidden\" id=\"frm_submit_entry_3\" name=\"frm_submit_entry_3\" value=\"d8f7865297\" \/><input type=\"hidden\" name=\"_wp_http_referer\" value=\"\/es\/wp-json\/wp\/v2\/pages\/2124\" \/><div id=\"frm_field_20_container\" class=\"frm_form_field form-field  frm_inside_container frm6 frm_first\">\r\n    <label for=\"field_2rjrw\" id=\"field_2rjrw_label\" class=\"frm_primary_label\">Pr\u00e9nom\r\n        <span class=\"frm_required\" aria-hidden=\"true\"><\/span>\r\n    <\/label>\r\n    <input  type=\"text\" id=\"field_2rjrw\" name=\"item_meta[20]\" value=\"\"  data-invmsg=\"texte est non valide\" aria-invalid=\"false\"   \/>\r\n    \r\n    \r\n<\/div>\n<div id=\"frm_field_21_container\" class=\"frm_form_field form-field  frm_inside_container frm6\">\r\n    <label for=\"field_oetgt\" id=\"field_oetgt_label\" class=\"frm_primary_label\">Nom\r\n        <span class=\"frm_required\" aria-hidden=\"true\"><\/span>\r\n    <\/label>\r\n    <input  type=\"text\" id=\"field_oetgt\" name=\"item_meta[21]\" value=\"\"  data-invmsg=\"texte est non valide\" aria-invalid=\"false\"   \/>\r\n    \r\n    \r\n<\/div>\n<div id=\"frm_field_25_container\" class=\"frm_form_field form-field  frm_inside_container frm6 frm_first\">\r\n    <label for=\"field_n6osc\" id=\"field_n6osc_label\" class=\"frm_primary_label\">T\u00e9l\u00e9phone\r\n        <span class=\"frm_required\" aria-hidden=\"true\"><\/span>\r\n    <\/label>\r\n    <input type=\"tel\" id=\"field_n6osc\" name=\"item_meta[25]\" value=\"\"  data-invmsg=\"T\u00e9l\u00e9phone est non valide\" aria-invalid=\"false\" pattern=\"((\\+\\d{1,3}(-|.| )?\\(?\\d\\)?(-| |.)?\\d{1,5})|(\\(?\\d{2,6}\\)?))(-|.| )?(\\d{3,4})(-|.| )?(\\d{4})(( x| ext)\\d{1,5}){0,1}$\"  \/>\r\n    \r\n    \r\n<\/div>\n<div id=\"frm_field_24_container\" class=\"frm_form_field form-field  frm_inside_container frm6\">\r\n    <label for=\"field_63cgn\" id=\"field_63cgn_label\" class=\"frm_primary_label\">Email\r\n        <span class=\"frm_required\" aria-hidden=\"true\"><\/span>\r\n    <\/label>\r\n    <input type=\"email\" id=\"field_63cgn\" name=\"item_meta[24]\" value=\"\"  data-invmsg=\"Email est non valide\" aria-invalid=\"false\"  \/>\r\n    \r\n    \r\n<\/div>\n<div id=\"frm_field_26_container\" class=\"frm_form_field form-field  frm_inside_container\">\r\n    <label for=\"field_klwzz\" id=\"field_klwzz_label\" class=\"frm_primary_label\">Dites nous en plus sur vous !\r\n        <span class=\"frm_required\" aria-hidden=\"true\"><\/span>\r\n    <\/label>\r\n    <textarea name=\"item_meta[26]\" id=\"field_klwzz\" rows=\"5\"  data-invmsg=\"Dites nous en plus sur vous ! no es v\u00e1lido\" aria-invalid=\"false\"  ><\/textarea>\r\n    \r\n    \r\n<\/div>\n<div id=\"frm_field_27_container\" class=\"frm_form_field form-field  frm_required_field frm_top_container\">\r\n    <label for=\"field_u66s9\" id=\"field_u66s9_label\" class=\"frm_primary_label\">D\u00e9poser votre CV\r\n        <span class=\"frm_required\" aria-hidden=\"true\">*<\/span>\r\n    <\/label>\r\n    <input type=\"hidden\"  data-reqmsg=\"D\u00e9poser votre CV ne peut pas \u00eatre vide.\" data-invmsg=\"T\u00e9l\u00e9versement de fichier est non valide\" class=\"auto_width\" aria-invalid=\"false\"   name=\"item_meta[27][]\"  data-reqmsg=\"D\u00e9poser votre CV ne peut pas \u00eatre vide.\"  value=\"\" data-frmfile=\"27\" \/>\n\n<div class=\"frm_dropzone frm_multi_upload frm_clearfix\" id=\"file27_dropzone\" role=\"group\" >\n\t<div class=\"fallback\">\n\t\t<input type=\"file\" name=\"file27[]\" id=\"field_u66s9\"\n\t\t\t data-frmfile=\"27\" multiple=\"multiple\"  data-reqmsg=\"D\u00e9poser votre CV ne peut pas \u00eatre vide.\" data-invmsg=\"T\u00e9l\u00e9versement de fichier est non valide\" class=\"auto_width\" aria-invalid=\"false\"  \t\t\t\/>\n\t\t\t\t<div class=\"frm_clearfix \"><\/div>\n\t<\/div>\n\t<div class=\"dz-message needsclick\">\n\t\t\t\t<svg  viewBox=\"0 0 18 18\" class=\"frmsvg frm-svg-icon\">\n\t<path viewBox=\"0 0 18 18\" fill-rule=\"evenodd\" clip-rule=\"evenodd\" d=\"M8.2 4v8a.8.8 0 001.5 0V4l2.1 2.2A.7.7 0 1013 5L9.5 1.7a.7.7 0 00-1.1 0L5.1 5.2a.8.8 0 001 1l2.1-2zm7.6 4.3c.4 0 .7.3.7.7v6.8c0 .4-.3.7-.8.7H2.3a.8.8 0 01-.8-.8V9A.8.8 0 013 9v6h12V9c0-.4.3-.8.8-.8z\"><\/path>\n<\/svg>\t\t<span class=\"frm_upload_text\"><button type=\"button\" aria-label=\"D\u00e9poser votre CV. D\u00e9poser un fichier ici ou cliquer pour t\u00e9l\u00e9charger. Tama\u00f1o m\u00e1ximo del archivo: 25MB\">D\u00e9poser un fichier ici ou cliquer pour t\u00e9l\u00e9charger<\/button><\/span>\n\t\t<span class=\"frm_compact_text\"><button type=\"button\" aria-label=\"D\u00e9poser votre CV. Choisir un fichier. Tama\u00f1o m\u00e1ximo del archivo: 25MB\">Choisir un fichier<\/button><\/span>\n\t\t<div class=\"frm_small_text\">\n\t\t\t<p>Tama\u00f1o m\u00e1ximo del archivo: 25MB<\/p>\n\t\t<\/div>\n\t<\/div>\n<\/div>\n\t\r\n    \r\n    \r\n<\/div>\n\t<input type=\"hidden\" name=\"item_key\" value=\"\" \/>\n\t\t\t\t<div class=\"frm__654b7d4429aa6\">\n\t\t\t\t<label for=\"frm_email_3\" >\n\t\t\t\t\tSi eres humano, deja este campo en blanco.\t\t\t\t<\/label>\n\t\t\t\t<input  id=\"frm_email_3\" type=\"email\" class=\"frm_verify\" name=\"frm__654b7d4429aa6\" value=\"\"  \/>\n\t\t\t<\/div>\n\t\t<input name=\"frm_state\" type=\"hidden\" value=\"\/8iQaod5HIEjRQVkGstoKrhoGSU4ZOUGnsurf\/AOTGvCQQKZFQGL\/gqT1VJpbWZD\" \/><div class=\"frm_submit\">\r\n\r\n<button class=\"frm_button_submit frm_final_submit\" type=\"submit\"   formnovalidate=\"formnovalidate\">Envoyer<\/button>\r\n\r\n<\/div><\/div>\n<\/fieldset>\n<\/div>\n\n<\/form>\n<\/div>\n\n<p>[\/et_pb_text][\/et_pb_column][\/et_pb_row][\/et_pb_section][et_pb_section fb_built=\u00bb1&#8243; _builder_version=\u00bb4.16&#8243; _module_preset=\u00bbdefault\u00bb custom_margin=\u00bb-3px|||||\u00bb custom_padding=\u00bb0px||0px|||\u00bb global_colors_info=\u00bb{}\u00bb][\/et_pb_section]<\/p>\n","protected":false},"excerpt":{"rendered":"<p>\u00danete al equipo como ingeniero de estabilidadJodoigne &#8211; B\u00e9lgicaTu papel como ingeniero de estabilidad Te encargar\u00e1s de realizar todos los estudios de estabilidad. Esto abarca desde la elaboraci\u00f3n de dise\u00f1os preliminares hasta notas de c\u00e1lculo para estructuras ligeras de acero. Coordinar\u00e1s y har\u00e1s recomendaciones sobre aspectos t\u00e9cnicos relacionados con la estabilidad de los proyectos actuales [&hellip;]<\/p>\n","protected":false},"author":1,"featured_media":0,"parent":2288,"menu_order":0,"comment_status":"closed","ping_status":"closed","template":"","meta":{"_et_pb_use_builder":"on","_et_pb_old_content":"","_et_gb_content_width":"","footnotes":""},"class_list":["post-2124","page","type-page","status-publish","hentry"],"acf":[],"yoast_head":"<!-- This site is optimized with the Yoast SEO plugin v25.4 - https:\/\/yoast.com\/wordpress\/plugins\/seo\/ -->\n<title>Ingeniero de estabilidad - Stabiframe<\/title>\n<meta name=\"robots\" content=\"index, follow, max-snippet:-1, max-image-preview:large, max-video-preview:-1\" \/>\n<link rel=\"canonical\" href=\"https:\/\/www.stabiframe.com\/fr\/job\/ingenieur-stabilite\/\" \/>\n<meta property=\"og:locale\" content=\"es_ES\" \/>\n<meta property=\"og:type\" content=\"article\" \/>\n<meta property=\"og:title\" content=\"Ingeniero de estabilidad - Stabiframe\" \/>\n<meta property=\"og:description\" content=\"\u00danete al equipo como ingeniero de estabilidadJodoigne - B\u00e9lgicaTu papel como ingeniero de estabilidad Te encargar\u00e1s de realizar todos los estudios de estabilidad. Esto abarca desde la elaboraci\u00f3n de dise\u00f1os preliminares hasta notas de c\u00e1lculo para estructuras ligeras de acero. Coordinar\u00e1s y har\u00e1s recomendaciones sobre aspectos t\u00e9cnicos relacionados con la estabilidad de los proyectos actuales [&hellip;]\" \/>\n<meta property=\"og:url\" content=\"https:\/\/www.stabiframe.com\/fr\/job\/ingenieur-stabilite\/\" \/>\n<meta property=\"og:site_name\" content=\"Stabiframe\" \/>\n<meta property=\"article:modified_time\" content=\"2024-11-05T10:13:51+00:00\" \/>\n<meta name=\"twitter:card\" content=\"summary_large_image\" \/>\n<meta name=\"twitter:label1\" content=\"Tiempo de lectura\" \/>\n\t<meta name=\"twitter:data1\" content=\"3 minutos\" \/>\n<script type=\"application\/ld+json\" class=\"yoast-schema-graph\">{\"@context\":\"https:\/\/schema.org\",\"@graph\":[{\"@type\":\"WebPage\",\"@id\":\"https:\/\/www.stabiframe.com\/fr\/job\/ingenieur-stabilite\/\",\"url\":\"https:\/\/www.stabiframe.com\/fr\/job\/ingenieur-stabilite\/\",\"name\":\"Ingeniero de estabilidad - Stabiframe\",\"isPartOf\":{\"@id\":\"https:\/\/www.stabiframe.com\/fr\/#website\"},\"datePublished\":\"2022-05-24T20:58:25+00:00\",\"dateModified\":\"2024-11-05T10:13:51+00:00\",\"breadcrumb\":{\"@id\":\"https:\/\/www.stabiframe.com\/fr\/job\/ingenieur-stabilite\/#breadcrumb\"},\"inLanguage\":\"es\",\"potentialAction\":[{\"@type\":\"ReadAction\",\"target\":[\"https:\/\/www.stabiframe.com\/fr\/job\/ingenieur-stabilite\/\"]}]},{\"@type\":\"BreadcrumbList\",\"@id\":\"https:\/\/www.stabiframe.com\/fr\/job\/ingenieur-stabilite\/#breadcrumb\",\"itemListElement\":[{\"@type\":\"ListItem\",\"position\":1,\"name\":\"Accueil\",\"item\":\"https:\/\/www.stabiframe.com\/es\/\"},{\"@type\":\"ListItem\",\"position\":2,\"name\":\"Trabajar en Stabiframe\",\"item\":\"https:\/\/www.stabiframe.com\/fr\/job\/\"},{\"@type\":\"ListItem\",\"position\":3,\"name\":\"Ingeniero de estabilidad\"}]},{\"@type\":\"WebSite\",\"@id\":\"https:\/\/www.stabiframe.com\/fr\/#website\",\"url\":\"https:\/\/www.stabiframe.com\/fr\/\",\"name\":\"Stabiframe\",\"description\":\"Light Strong Steel Constructions\",\"potentialAction\":[{\"@type\":\"SearchAction\",\"target\":{\"@type\":\"EntryPoint\",\"urlTemplate\":\"https:\/\/www.stabiframe.com\/fr\/?s={search_term_string}\"},\"query-input\":{\"@type\":\"PropertyValueSpecification\",\"valueRequired\":true,\"valueName\":\"search_term_string\"}}],\"inLanguage\":\"es\"}]}<\/script>\n<!-- \/ Yoast SEO plugin. -->","yoast_head_json":{"title":"Ingeniero de estabilidad - Stabiframe","robots":{"index":"index","follow":"follow","max-snippet":"max-snippet:-1","max-image-preview":"max-image-preview:large","max-video-preview":"max-video-preview:-1"},"canonical":"https:\/\/www.stabiframe.com\/fr\/job\/ingenieur-stabilite\/","og_locale":"es_ES","og_type":"article","og_title":"Ingeniero de estabilidad - Stabiframe","og_description":"\u00danete al equipo como ingeniero de estabilidadJodoigne - B\u00e9lgicaTu papel como ingeniero de estabilidad Te encargar\u00e1s de realizar todos los estudios de estabilidad. Esto abarca desde la elaboraci\u00f3n de dise\u00f1os preliminares hasta notas de c\u00e1lculo para estructuras ligeras de acero. Coordinar\u00e1s y har\u00e1s recomendaciones sobre aspectos t\u00e9cnicos relacionados con la estabilidad de los proyectos actuales [&hellip;]","og_url":"https:\/\/www.stabiframe.com\/fr\/job\/ingenieur-stabilite\/","og_site_name":"Stabiframe","article_modified_time":"2024-11-05T10:13:51+00:00","twitter_card":"summary_large_image","twitter_misc":{"Tiempo de lectura":"3 minutos"},"schema":{"@context":"https:\/\/schema.org","@graph":[{"@type":"WebPage","@id":"https:\/\/www.stabiframe.com\/fr\/job\/ingenieur-stabilite\/","url":"https:\/\/www.stabiframe.com\/fr\/job\/ingenieur-stabilite\/","name":"Ingeniero de estabilidad - Stabiframe","isPartOf":{"@id":"https:\/\/www.stabiframe.com\/fr\/#website"},"datePublished":"2022-05-24T20:58:25+00:00","dateModified":"2024-11-05T10:13:51+00:00","breadcrumb":{"@id":"https:\/\/www.stabiframe.com\/fr\/job\/ingenieur-stabilite\/#breadcrumb"},"inLanguage":"es","potentialAction":[{"@type":"ReadAction","target":["https:\/\/www.stabiframe.com\/fr\/job\/ingenieur-stabilite\/"]}]},{"@type":"BreadcrumbList","@id":"https:\/\/www.stabiframe.com\/fr\/job\/ingenieur-stabilite\/#breadcrumb","itemListElement":[{"@type":"ListItem","position":1,"name":"Accueil","item":"https:\/\/www.stabiframe.com\/es\/"},{"@type":"ListItem","position":2,"name":"Trabajar en Stabiframe","item":"https:\/\/www.stabiframe.com\/fr\/job\/"},{"@type":"ListItem","position":3,"name":"Ingeniero de estabilidad"}]},{"@type":"WebSite","@id":"https:\/\/www.stabiframe.com\/fr\/#website","url":"https:\/\/www.stabiframe.com\/fr\/","name":"Stabiframe","description":"Light Strong Steel Constructions","potentialAction":[{"@type":"SearchAction","target":{"@type":"EntryPoint","urlTemplate":"https:\/\/www.stabiframe.com\/fr\/?s={search_term_string}"},"query-input":{"@type":"PropertyValueSpecification","valueRequired":true,"valueName":"search_term_string"}}],"inLanguage":"es"}]}},"_links":{"self":[{"href":"https:\/\/www.stabiframe.com\/es\/wp-json\/wp\/v2\/pages\/2124","targetHints":{"allow":["GET"]}}],"collection":[{"href":"https:\/\/www.stabiframe.com\/es\/wp-json\/wp\/v2\/pages"}],"about":[{"href":"https:\/\/www.stabiframe.com\/es\/wp-json\/wp\/v2\/types\/page"}],"author":[{"embeddable":true,"href":"https:\/\/www.stabiframe.com\/es\/wp-json\/wp\/v2\/users\/1"}],"replies":[{"embeddable":true,"href":"https:\/\/www.stabiframe.com\/es\/wp-json\/wp\/v2\/comments?post=2124"}],"version-history":[{"count":6,"href":"https:\/\/www.stabiframe.com\/es\/wp-json\/wp\/v2\/pages\/2124\/revisions"}],"predecessor-version":[{"id":2161,"href":"https:\/\/www.stabiframe.com\/es\/wp-json\/wp\/v2\/pages\/2124\/revisions\/2161"}],"up":[{"embeddable":true,"href":"https:\/\/www.stabiframe.com\/es\/wp-json\/wp\/v2\/pages\/2288"}],"wp:attachment":[{"href":"https:\/\/www.stabiframe.com\/es\/wp-json\/wp\/v2\/media?parent=2124"}],"curies":[{"name":"wp","href":"https:\/\/api.w.org\/{rel}","templated":true}]}}