{"id":2099,"date":"2024-07-30T10:57:50","date_gmt":"2024-07-30T08:57:50","guid":{"rendered":"https:\/\/www.stabiframe.com\/nuestros-logros\/"},"modified":"2024-11-05T11:13:31","modified_gmt":"2024-11-05T10:13:31","slug":"nuestros-logros","status":"publish","type":"page","link":"https:\/\/www.stabiframe.com\/es\/nuestros-logros\/","title":{"rendered":"Nuestros logros"},"content":{"rendered":"<p>[et_pb_section fb_built=\u00bb1&#8243; _builder_version=\u00bb4.26.0&#8243; _module_preset=\u00bbdefault\u00bb background_color=\u00bb#2C384B\u00bb background_image=\u00bbhttps:\/\/www.stabiframe.com\/wp-content\/uploads\/2022\/05\/Stabiframe_acier-lourd.jpg\u00bb background_blend=\u00bbmultiply\u00bb hover_enabled=\u00bb0&#8243; global_colors_info=\u00bb{}\u00bb sticky_enabled=\u00bb0&#8243;][et_pb_row column_structure=\u00bb1_2,1_2&#8243; _builder_version=\u00bb4.26.0&#8243; _module_preset=\u00bbdefault\u00bb max_width=\u00bb2400px\u00bb global_colors_info=\u00bb{}\u00bb][et_pb_column type=\u00bb1_2&#8243; _builder_version=\u00bb4.26.0&#8243; _module_preset=\u00bbdefault\u00bb global_colors_info=\u00bb{}\u00bb][et_pb_text _builder_version=\u00bb4.26.0&#8243; _module_preset=\u00bbdefault\u00bb header_text_align=\u00bbleft\u00bb header_text_color=\u00bb#FFFFFF\u00bb header_font_size=\u00bb40px\u00bb global_colors_info=\u00bb{}\u00bb]<\/p>\n<h1>Operamos en toda Europa<\/h1>\n<p>[\/et_pb_text][et_pb_text _builder_version=\u00bb4.27.0&#8243; _module_preset=\u00bbdefault\u00bb hover_enabled=\u00bb0&#8243; global_colors_info=\u00bb{}\u00bb text_font=\u00bb|300|||||||\u00bb text_text_color=\u00bb#FFFFFF\u00bb sticky_enabled=\u00bb0&#8243; text_font_size=\u00bb16px\u00bb]<\/p>\n<p>En Stabiframe, nos enorgullecemos de fabricar y suministrar estructuras de acero de alta calidad para edificios nuevos en toda Europa.<\/p>\n<p>Nuestros proyectos dan fe de nuestra experiencia y nuestro compromiso de ofrecer soluciones sostenibles e innovadoras a nuestros clientes. Descubre m\u00e1s sobre nuestros logros y c\u00f3mo estamos ayudando a construir el futuro. <\/p>\n<p>[\/et_pb_text][\/et_pb_column][et_pb_column type=\u00bb1_2&#8243; _builder_version=\u00bb4.26.0&#8243; _module_preset=\u00bbdefault\u00bb global_colors_info=\u00bb{}\u00bb][et_pb_image src=\u00bbhttps:\/\/www.stabiframe.com\/wp-content\/uploads\/2024\/07\/mapa_realizacje.webp\u00bb title_text=\u00bbmapa_realizacje\u00bb _builder_version=\u00bb4.26.0&#8243; _module_preset=\u00bbdefault\u00bb global_colors_info=\u00bb{}\u00bb][\/et_pb_image][\/et_pb_column][\/et_pb_row][\/et_pb_section][et_pb_section fb_built=\u00bb1&#8243; _builder_version=\u00bb4.26.0&#8243; _module_preset=\u00bbdefault\u00bb global_colors_info=\u00bb{}\u00bb][et_pb_row use_custom_gutter=\u00bbon\u00bb gutter_width=\u00bb2&#8243; _builder_version=\u00bb4.26.0&#8243; _module_preset=\u00bbdefault\u00bb max_width=\u00bb2400px\u00bb global_colors_info=\u00bb{}\u00bb][et_pb_column type=\u00bb4_4&#8243; _builder_version=\u00bb4.26.0&#8243; _module_preset=\u00bbdefault\u00bb global_colors_info=\u00bb{}\u00bb][et_pb_portfolio fullwidth=\u00bboff\u00bb posts_number=\u00bb50&#8243; show_categories=\u00bboff\u00bb show_pagination=\u00bboff\u00bb _builder_version=\u00bb4.27.0&#8243; _module_preset=\u00bbdefault\u00bb title_text_align=\u00bbcenter\u00bb module_alignment=\u00bbcenter\u00bb hover_enabled=\u00bb0&#8243; title_font_size_tablet=\u00bb17px\u00bb title_font_size_phone=\u00bb20px\u00bb title_font_size_last_edited=\u00bbon|phone\u00bb global_colors_info=\u00bb{}\u00bb include_categories=\u00bb,all\u00bb title_font=\u00bb|300|||||||\u00bb sticky_enabled=\u00bb0&#8243;][\/et_pb_portfolio][\/et_pb_column][\/et_pb_row][\/et_pb_section][et_pb_section fb_built=\u00bb1&#8243; _builder_version=\u00bb4.17.3&#8243; _module_preset=\u00bbdefault\u00bb background_color=\u00bbrgba(44,56,75,0.85)\u00bb background_image=\u00bbhttps:\/\/www.stabiframe.com\/wp-content\/uploads\/2022\/05\/Stabiframe_application.jpg\u00bb background_blend=\u00bbsoft-light\u00bb custom_margin=\u00bb2%||0%||false|false\u00bb custom_padding=\u00bb2%||2%||false|false\u00bb global_module=\u00bb132&#8243; saved_tabs=\u00bball\u00bb locked=\u00bboff\u00bb global_colors_info=\u00bb{}\u00bb][et_pb_row column_structure=\u00bb2_5,3_5&#8243; use_custom_gutter=\u00bbon\u00bb gutter_width=\u00bb2&#8243; _builder_version=\u00bb4.17.3&#8243; _module_preset=\u00bbdefault\u00bb width=\u00bb90%\u00bb max_width=\u00bb100%\u00bb global_colors_info=\u00bb{}\u00bb][et_pb_column type=\u00bb2_5&#8243; _builder_version=\u00bb4.17.3&#8243; _module_preset=\u00bbdefault\u00bb custom_padding=\u00bb||||false|false\u00bb global_colors_info=\u00bb{}\u00bb][et_pb_text _builder_version=\u00bb4.18.0&#8243; _module_preset=\u00bbdefault\u00bb text_font=\u00bb|300|||||||\u00bb text_text_color=\u00bb#FFFFFF\u00bb text_line_height=\u00bb2em\u00bb header_text_color=\u00bb#FFFFFF\u00bb header_line_height=\u00bb2em\u00bb header_2_font=\u00bb|300|||||||\u00bb header_2_text_color=\u00bb#FFFFFF\u00bb header_2_font_size=\u00bb30px\u00bb header_2_line_height=\u00bb1.4em\u00bb global_colors_info=\u00bb{}\u00bb]<\/p>\n<h2>\u00bfEres un profesional? \u00a1 <span style=\"color: #cc495b; font-weight: 500;\">Conoce a un especialista en<\/span> Stabiframe!<\/h2>\n<p>\u00bfEres contratista, arquitecto o inversor? \u00bfQuieres saber m\u00e1s sobre la carpinter\u00eda met\u00e1lica y sus ventajas para tus proyectos inmobiliarios? <\/p>\n<p>Nuestros especialistas en Stabiframe estar\u00e1n encantados de discutir tus proyectos contigo y explicarte todas las ventajas de nuestras soluciones.<\/p>\n<p>[\/et_pb_text][\/et_pb_column][et_pb_column type=\u00bb3_5&#8243; _builder_version=\u00bb4.16&#8243; _module_preset=\u00bbdefault\u00bb global_colors_info=\u00bb{}\u00bb][et_pb_text _builder_version=\u00bb4.18.0&#8243; _module_preset=\u00bbdefault\u00bb global_colors_info=\u00bb{}\u00bb]<\/p>\n<div class=\"frm_forms  with_frm_style frm_style_etiquetes-de-champs-blanches\" id=\"frm_form_4_container\" >\n<form enctype=\"multipart\/form-data\" method=\"post\" class=\"frm-show-form  frm_pro_form \" id=\"form_contact-form2\" >\n<div class=\"frm_form_fields \">\n<fieldset>\n<legend class=\"frm_screen_reader\">Conozca a un especialista - Descripciones blancas<\/legend>\r\n\r\n<div class=\"frm_fields_container\">\n<input type=\"hidden\" name=\"frm_action\" value=\"create\" \/>\n<input type=\"hidden\" name=\"form_id\" value=\"4\" \/>\n<input type=\"hidden\" name=\"frm_hide_fields_4\" id=\"frm_hide_fields_4\" value=\"\" \/>\n<input type=\"hidden\" name=\"form_key\" value=\"contact-form2\" \/>\n<input type=\"hidden\" name=\"item_meta[0]\" value=\"\" \/>\n<input type=\"hidden\" id=\"frm_submit_entry_4\" name=\"frm_submit_entry_4\" value=\"7042f269a1\" \/><input type=\"hidden\" name=\"_wp_http_referer\" value=\"\/es\/wp-json\/wp\/v2\/pages\/2099\" \/><div id=\"frm_field_29_container\" class=\"frm_form_field form-field  frm_required_field frm_top_container frm6 frm_first\">\r\n    <label for=\"field_x785l2\" id=\"field_x785l2_label\" class=\"frm_primary_label\">Usted es\r\n        <span class=\"frm_required\" aria-hidden=\"true\">*<\/span>\r\n    <\/label>\r\n    \t\t<select name=\"item_meta[29]\" id=\"field_x785l2\"  data-reqmsg=\"Este campo no puede estar vac\u00edo\" aria-required=\"true\" data-invmsg=\"Usted es no es v\u00e1lido\" aria-invalid=\"false\"  >\n\t\t<option  value=\"Un architecte\">Un arquitecto\t<\/option><option  value=\"Une entreprise de construction\">Una empresa de construcci\u00f3n<\/option><option  value=\"Un promoteur immobilier\">Un promotor inmobiliario<\/option><option  value=\"Un investisseur\">Un inversor<\/option><option  value=\"Un particulier\">Un particular<\/option><option  value=\"Autre\">Otros<\/option>\t<\/select>\n\t\r\n    \r\n    \r\n<\/div>\n<div id=\"frm_field_30_container\" class=\"frm_form_field form-field  frm_required_field frm_top_container frm6\">\r\n    <label for=\"field_g1zkv2\" id=\"field_g1zkv2_label\" class=\"frm_primary_label\">Necesitas\r\n        <span class=\"frm_required\" aria-hidden=\"true\">*<\/span>\r\n    <\/label>\r\n    \t\t<select name=\"item_meta[30]\" id=\"field_g1zkv2\"  data-reqmsg=\"Este campo no puede estar vac\u00edo\" aria-required=\"true\" data-invmsg=\"Necesitas no es v\u00e1lido\" aria-invalid=\"false\"  >\n\t\t<option  value=\"D&#039;informations sur Stabiframe\">M\u00e1s informaci\u00f3n sobre Stabiframe<\/option><option  value=\"D&#039;un bureau d&#039;\u00e9tude\">Una oficina de dise\u00f1o<\/option><option  value=\"D&#039;une unit\u00e9 de production\">Una unidad de producci\u00f3n<\/option><option  value=\"D&#039;un monteur\">Un editor<\/option><option  value=\"D&#039;informations sur les partenaires certifi\u00e9s\">Informaci\u00f3n sobre socios certificados<\/option><option  value=\"Autre\">Otros<\/option>\t<\/select>\n\t\r\n    \r\n    \r\n<\/div>\n<div id=\"frm_field_31_container\" class=\"frm_form_field form-field  frm_required_field frm_top_container frm_full\">\r\n    <label for=\"field_e6lis62\" id=\"field_e6lis62_label\" class=\"frm_primary_label\">Especifique lo que necesita\r\n        <span class=\"frm_required\" aria-hidden=\"true\">*<\/span>\r\n    <\/label>\r\n    <input  type=\"text\" id=\"field_e6lis62\" name=\"item_meta[31]\" value=\"\"  data-reqmsg=\"Este campo no puede estar vac\u00edo\" aria-required=\"true\" data-invmsg=\"El asunto no es v\u00e1lido\" aria-invalid=\"false\"   \/>\r\n    \r\n    \r\n<\/div>\n<div id=\"frm_field_32_container\" class=\"frm_form_field form-field  frm_required_field frm_top_container frm6 frm_first\">\r\n    <label for=\"field_qh4icy2\" id=\"field_qh4icy2_label\" class=\"frm_primary_label\">Nombre\r\n        <span class=\"frm_required\" aria-hidden=\"true\">*<\/span>\r\n    <\/label>\r\n    <input  type=\"text\" id=\"field_qh4icy2\" name=\"item_meta[32]\" value=\"\"  data-reqmsg=\"Este campo no puede estar vac\u00edo\" aria-required=\"true\" data-invmsg=\"Name est non valide\" aria-invalid=\"false\"   \/>\r\n    \r\n    \r\n<\/div>\n<div id=\"frm_field_33_container\" class=\"frm_form_field form-field  frm_required_field frm_top_container frm6\">\r\n    <label for=\"field_b8mu82\" id=\"field_b8mu82_label\" class=\"frm_primary_label\">Nombre\r\n        <span class=\"frm_required\" aria-hidden=\"true\">*<\/span>\r\n    <\/label>\r\n    <input  type=\"text\" id=\"field_b8mu82\" name=\"item_meta[33]\" value=\"\"  data-reqmsg=\"Nombre ne peut pas \u00eatre vide.\" aria-required=\"true\" data-invmsg=\"El texto no es v\u00e1lido\" aria-invalid=\"false\"   \/>\r\n    \r\n    \r\n<\/div>\n<div id=\"frm_field_34_container\" class=\"frm_form_field form-field  frm_required_field frm_top_container frm6 frm_first\">\r\n    <label for=\"field_29yf4d2\" id=\"field_29yf4d2_label\" class=\"frm_primary_label\">Correo electr\u00f3nico\r\n        <span class=\"frm_required\" aria-hidden=\"true\">*<\/span>\r\n    <\/label>\r\n    <input type=\"email\" id=\"field_29yf4d2\" name=\"item_meta[34]\" value=\"\"  data-reqmsg=\"Este campo no puede estar vac\u00edo\" aria-required=\"true\" data-invmsg=\"Veuillez saisir une adresse e-mail valide\" aria-invalid=\"false\"  \/>\r\n    \r\n    \r\n<\/div>\n<div id=\"frm_field_35_container\" class=\"frm_form_field form-field  frm_required_field frm_top_container frm6\">\r\n    <label for=\"field_144cb2\" id=\"field_144cb2_label\" class=\"frm_primary_label\">Tel\u00e9fono\r\n        <span class=\"frm_required\" aria-hidden=\"true\">*<\/span>\r\n    <\/label>\r\n    <input type=\"tel\" id=\"field_144cb2\" name=\"item_meta[35]\" value=\"\"  data-reqmsg=\"Tel\u00e9fono ne peut pas \u00eatre vide.\" aria-required=\"true\" data-invmsg=\"El tel\u00e9fono no es v\u00e1lido\" aria-invalid=\"false\" pattern=\"((\\+\\d{1,3}(-|.| )?\\(?\\d\\)?(-| |.)?\\d{1,5})|(\\(?\\d{2,6}\\)?))(-|.| )?(\\d{3,4})(-|.| )?(\\d{4})(( x| ext)\\d{1,5}){0,1}$\"  \/>\r\n    \r\n    \r\n<\/div>\n<div id=\"frm_field_36_container\" class=\"frm_form_field form-field  frm_required_field frm_top_container frm_full\">\r\n    <label for=\"field_9jv0r12\" id=\"field_9jv0r12_label\" class=\"frm_primary_label\">Mensaje\r\n        <span class=\"frm_required\" aria-hidden=\"true\">*<\/span>\r\n    <\/label>\r\n    <textarea name=\"item_meta[36]\" id=\"field_9jv0r12\" rows=\"5\"  data-reqmsg=\"Este campo no puede estar vac\u00edo\" aria-required=\"true\" data-invmsg=\"Mensaje est non valide\" aria-invalid=\"false\"  ><\/textarea>\r\n    \r\n    \r\n<\/div>\n<div id=\"frm_field_39_container\" class=\"frm_form_field form-field  frm_none_container\">\n\t<label for=\"g-recaptcha-response\" id=\"field_xnov0_label\" class=\"frm_primary_label\">Captcha\n\t\t<span class=\"frm_required\" aria-hidden=\"true\"><\/span>\n\t<\/label>\n\t<div  id=\"field_xnov0\" class=\"frm-g-recaptcha\" data-sitekey=\"6LdD7XYqAAAAAECvXvxcLXxpJCSjyHQ7HpkF9Rj9\" data-size=\"normal\" data-theme=\"light\"><\/div>\n\t\n\t\n<\/div>\n<div id=\"frm_field_38_container\" class=\"frm_form_field form-field \">\n\t<div class=\"frm_submit\">\r\n\r\n<button class=\"frm_button_submit frm_final_submit\" type=\"submit\"   formnovalidate=\"formnovalidate\">Enviar<\/button>\r\n\r\n<\/div>\n<\/div>\n\t<input type=\"hidden\" name=\"item_key\" value=\"\" \/>\n\t\t\t\t<div class=\"frm__654b7d4429aa6\">\n\t\t\t\t<label for=\"frm_email_4\" >\n\t\t\t\t\tSi eres humano, deja este campo en blanco.\t\t\t\t<\/label>\n\t\t\t\t<input  id=\"frm_email_4\" type=\"email\" class=\"frm_verify\" name=\"frm__654b7d4429aa6\" value=\"\"  \/>\n\t\t\t<\/div>\n\t\t<input name=\"frm_state\" type=\"hidden\" value=\"\/8iQaod5HIEjRQVkGstoKv+82YGW0D2v8pEBQd5SrWhE68\/5oPM6f4\/mRQ7fjzpC\" \/><\/div>\n<\/fieldset>\n<\/div>\n\n<\/form>\n<\/div>\n\n<p>[\/et_pb_text][\/et_pb_column][\/et_pb_row][\/et_pb_section]<\/p>\n","protected":false},"excerpt":{"rendered":"<p>Operamos en toda EuropaEn Stabiframe, nos enorgullecemos de fabricar y suministrar estructuras de acero de alta calidad para edificios nuevos en toda Europa. Nuestros proyectos dan fe de nuestra experiencia y nuestro compromiso de ofrecer soluciones sostenibles e innovadoras a nuestros clientes. Descubre m\u00e1s sobre nuestros logros y c\u00f3mo estamos ayudando a construir el futuro. [&hellip;]<\/p>\n","protected":false},"author":4,"featured_media":0,"parent":0,"menu_order":0,"comment_status":"closed","ping_status":"closed","template":"","meta":{"_et_pb_use_builder":"on","_et_pb_old_content":"","_et_gb_content_width":"","footnotes":""},"class_list":["post-2099","page","type-page","status-publish","hentry"],"acf":[],"yoast_head":"<!-- This site is optimized with the Yoast SEO plugin v25.4 - https:\/\/yoast.com\/wordpress\/plugins\/seo\/ -->\n<title>Nuestros logros - Stabiframe<\/title>\n<meta name=\"robots\" content=\"index, follow, max-snippet:-1, max-image-preview:large, max-video-preview:-1\" \/>\n<link rel=\"canonical\" href=\"https:\/\/www.stabiframe.com\/fr\/nos-realisations\/\" \/>\n<meta property=\"og:locale\" content=\"es_ES\" \/>\n<meta property=\"og:type\" content=\"article\" \/>\n<meta property=\"og:title\" content=\"Nuestros logros - Stabiframe\" \/>\n<meta property=\"og:description\" content=\"Operamos en toda EuropaEn Stabiframe, nos enorgullecemos de fabricar y suministrar estructuras de acero de alta calidad para edificios nuevos en toda Europa. Nuestros proyectos dan fe de nuestra experiencia y nuestro compromiso de ofrecer soluciones sostenibles e innovadoras a nuestros clientes. Descubre m\u00e1s sobre nuestros logros y c\u00f3mo estamos ayudando a construir el futuro. [&hellip;]\" \/>\n<meta property=\"og:url\" content=\"https:\/\/www.stabiframe.com\/fr\/nos-realisations\/\" \/>\n<meta property=\"og:site_name\" content=\"Stabiframe\" \/>\n<meta property=\"article:modified_time\" content=\"2024-11-05T10:13:31+00:00\" \/>\n<meta name=\"twitter:card\" content=\"summary_large_image\" \/>\n<meta name=\"twitter:label1\" content=\"Tiempo de lectura\" \/>\n\t<meta name=\"twitter:data1\" content=\"3 minutos\" \/>\n<script type=\"application\/ld+json\" class=\"yoast-schema-graph\">{\"@context\":\"https:\/\/schema.org\",\"@graph\":[{\"@type\":\"WebPage\",\"@id\":\"https:\/\/www.stabiframe.com\/fr\/nos-realisations\/\",\"url\":\"https:\/\/www.stabiframe.com\/fr\/nos-realisations\/\",\"name\":\"Nuestros logros - Stabiframe\",\"isPartOf\":{\"@id\":\"https:\/\/www.stabiframe.com\/fr\/#website\"},\"datePublished\":\"2024-07-30T08:57:50+00:00\",\"dateModified\":\"2024-11-05T10:13:31+00:00\",\"breadcrumb\":{\"@id\":\"https:\/\/www.stabiframe.com\/fr\/nos-realisations\/#breadcrumb\"},\"inLanguage\":\"es\",\"potentialAction\":[{\"@type\":\"ReadAction\",\"target\":[\"https:\/\/www.stabiframe.com\/fr\/nos-realisations\/\"]}]},{\"@type\":\"BreadcrumbList\",\"@id\":\"https:\/\/www.stabiframe.com\/fr\/nos-realisations\/#breadcrumb\",\"itemListElement\":[{\"@type\":\"ListItem\",\"position\":1,\"name\":\"Accueil\",\"item\":\"https:\/\/www.stabiframe.com\/es\/\"},{\"@type\":\"ListItem\",\"position\":2,\"name\":\"Nuestros logros\"}]},{\"@type\":\"WebSite\",\"@id\":\"https:\/\/www.stabiframe.com\/fr\/#website\",\"url\":\"https:\/\/www.stabiframe.com\/fr\/\",\"name\":\"Stabiframe\",\"description\":\"Light Strong Steel Constructions\",\"potentialAction\":[{\"@type\":\"SearchAction\",\"target\":{\"@type\":\"EntryPoint\",\"urlTemplate\":\"https:\/\/www.stabiframe.com\/fr\/?s={search_term_string}\"},\"query-input\":{\"@type\":\"PropertyValueSpecification\",\"valueRequired\":true,\"valueName\":\"search_term_string\"}}],\"inLanguage\":\"es\"}]}<\/script>\n<!-- \/ Yoast SEO plugin. -->","yoast_head_json":{"title":"Nuestros logros - Stabiframe","robots":{"index":"index","follow":"follow","max-snippet":"max-snippet:-1","max-image-preview":"max-image-preview:large","max-video-preview":"max-video-preview:-1"},"canonical":"https:\/\/www.stabiframe.com\/fr\/nos-realisations\/","og_locale":"es_ES","og_type":"article","og_title":"Nuestros logros - Stabiframe","og_description":"Operamos en toda EuropaEn Stabiframe, nos enorgullecemos de fabricar y suministrar estructuras de acero de alta calidad para edificios nuevos en toda Europa. Nuestros proyectos dan fe de nuestra experiencia y nuestro compromiso de ofrecer soluciones sostenibles e innovadoras a nuestros clientes. Descubre m\u00e1s sobre nuestros logros y c\u00f3mo estamos ayudando a construir el futuro. [&hellip;]","og_url":"https:\/\/www.stabiframe.com\/fr\/nos-realisations\/","og_site_name":"Stabiframe","article_modified_time":"2024-11-05T10:13:31+00:00","twitter_card":"summary_large_image","twitter_misc":{"Tiempo de lectura":"3 minutos"},"schema":{"@context":"https:\/\/schema.org","@graph":[{"@type":"WebPage","@id":"https:\/\/www.stabiframe.com\/fr\/nos-realisations\/","url":"https:\/\/www.stabiframe.com\/fr\/nos-realisations\/","name":"Nuestros logros - Stabiframe","isPartOf":{"@id":"https:\/\/www.stabiframe.com\/fr\/#website"},"datePublished":"2024-07-30T08:57:50+00:00","dateModified":"2024-11-05T10:13:31+00:00","breadcrumb":{"@id":"https:\/\/www.stabiframe.com\/fr\/nos-realisations\/#breadcrumb"},"inLanguage":"es","potentialAction":[{"@type":"ReadAction","target":["https:\/\/www.stabiframe.com\/fr\/nos-realisations\/"]}]},{"@type":"BreadcrumbList","@id":"https:\/\/www.stabiframe.com\/fr\/nos-realisations\/#breadcrumb","itemListElement":[{"@type":"ListItem","position":1,"name":"Accueil","item":"https:\/\/www.stabiframe.com\/es\/"},{"@type":"ListItem","position":2,"name":"Nuestros logros"}]},{"@type":"WebSite","@id":"https:\/\/www.stabiframe.com\/fr\/#website","url":"https:\/\/www.stabiframe.com\/fr\/","name":"Stabiframe","description":"Light Strong Steel Constructions","potentialAction":[{"@type":"SearchAction","target":{"@type":"EntryPoint","urlTemplate":"https:\/\/www.stabiframe.com\/fr\/?s={search_term_string}"},"query-input":{"@type":"PropertyValueSpecification","valueRequired":true,"valueName":"search_term_string"}}],"inLanguage":"es"}]}},"_links":{"self":[{"href":"https:\/\/www.stabiframe.com\/es\/wp-json\/wp\/v2\/pages\/2099","targetHints":{"allow":["GET"]}}],"collection":[{"href":"https:\/\/www.stabiframe.com\/es\/wp-json\/wp\/v2\/pages"}],"about":[{"href":"https:\/\/www.stabiframe.com\/es\/wp-json\/wp\/v2\/types\/page"}],"author":[{"embeddable":true,"href":"https:\/\/www.stabiframe.com\/es\/wp-json\/wp\/v2\/users\/4"}],"replies":[{"embeddable":true,"href":"https:\/\/www.stabiframe.com\/es\/wp-json\/wp\/v2\/comments?post=2099"}],"version-history":[{"count":1,"href":"https:\/\/www.stabiframe.com\/es\/wp-json\/wp\/v2\/pages\/2099\/revisions"}],"predecessor-version":[{"id":2107,"href":"https:\/\/www.stabiframe.com\/es\/wp-json\/wp\/v2\/pages\/2099\/revisions\/2107"}],"wp:attachment":[{"href":"https:\/\/www.stabiframe.com\/es\/wp-json\/wp\/v2\/media?parent=2099"}],"curies":[{"name":"wp","href":"https:\/\/api.w.org\/{rel}","templated":true}]}}